{"id":19,"date":"2023-06-12T19:48:28","date_gmt":"2023-06-12T17:48:28","guid":{"rendered":"https:\/\/www.dienstleistungen-usedom.de\/de\/?page_id=19"},"modified":"2023-11-18T15:59:51","modified_gmt":"2023-11-18T14:59:51","slug":"home","status":"publish","type":"page","link":"https:\/\/www.dienstleistungen-usedom.de\/de\/","title":{"rendered":"Home"},"content":{"rendered":"<p>[et_pb_section fb_built=&#8220;1&#8243; custom_padding_last_edited=&#8220;off|desktop&#8220; admin_label=&#8220;Header&#8220; _builder_version=&#8220;4.21.0&#8243; _module_preset=&#8220;default&#8220; background_color=&#8220;#E02B20&#8243; background_enable_pattern_style=&#8220;on&#8220; background_pattern_style=&#8220;cubes&#8220; background_pattern_repeat_origin=&#8220;center&#8220; overflow-x=&#8220;hidden&#8220; overflow-y=&#8220;hidden&#8220; custom_margin=&#8220;||||false|false&#8220; custom_margin_tablet=&#8220;||0vw||false|false&#8220; custom_margin_phone=&#8220;||0vw||false|false&#8220; custom_margin_last_edited=&#8220;off|desktop&#8220; custom_padding=&#8220;0px||0px||false|false&#8220; custom_padding_tablet=&#8220;||0px||false|false&#8220; custom_padding_phone=&#8220;||0px||false|false&#8220; locked=&#8220;off&#8220; collapsed=&#8220;off&#8220; global_colors_info=&#8220;{}&#8220;][et_pb_row column_structure=&#8220;1_2,1_2&#8243; make_equal=&#8220;on&#8220; _builder_version=&#8220;4.21.0&#8243; _module_preset=&#8220;default&#8220; custom_padding=&#8220;0px||0px||true|false&#8220; box_shadow_style=&#8220;preset4&#8243; box_shadow_horizontal=&#8220;30vw&#8220; box_shadow_vertical=&#8220;0px&#8220; box_shadow_color=&#8220;#FFFFFF&#8220; global_colors_info=&#8220;{}&#8220;][et_pb_column type=&#8220;1_2&#8243; _builder_version=&#8220;4.21.0&#8243; _module_preset=&#8220;default&#8220; custom_padding=&#8220;8%|20px|8%||true|false&#8220; global_colors_info=&#8220;{}&#8220;][et_pb_text _builder_version=&#8220;4.21.0&#8243; _module_preset=&#8220;1fd5f343-3acb-4293-a8f4-99b314d33867&#8243; header_text_color=&#8220;#FFFFFF&#8220; global_colors_info=&#8220;{}&#8220;]<\/p>\n<h1>Ihr Service Dienstleister<\/h1>\n<p>[\/et_pb_text][et_pb_text _builder_version=&#8220;4.21.0&#8243; _module_preset=&#8220;b9fb1bd2-e58c-4bab-8895-8eed4d7b9409&#8243; text_text_color=&#8220;#FFFFFF&#8220; custom_margin=&#8220;||30px||false|false&#8220; global_colors_info=&#8220;{}&#8220;]<\/p>\n<p>Als professioneller Service-Dienstleister auf der Ostseeinsel Usedom f\u00fchren wir f\u00fcr Sie vielf\u00e4ltige Arbeiten in Haus und Garten durch.<\/p>\n<p>[\/et_pb_text][et_pb_button button_url=&#8220;@ET-DC@eyJkeW5hbWljIjp0cnVlLCJjb250ZW50IjoicG9zdF9saW5rX3VybF9wYWdlIiwic2V0dGluZ3MiOnsicG9zdF9pZCI6IjIyIn19@&#8220; button_text=&#8220;Alle Dienstleistungen&#8220; _builder_version=&#8220;4.21.0&#8243; _dynamic_attributes=&#8220;button_url&#8220; _module_preset=&#8220;7a6070b7-3471-4fe3-8037-4bcb5a76e89e&#8220; button_bg_color=&#8220;#FF6A00&#8243; global_colors_info=&#8220;{}&#8220;][\/et_pb_button][\/et_pb_column][et_pb_column type=&#8220;1_2&#8243; _builder_version=&#8220;4.21.0&#8243; _module_preset=&#8220;default&#8220; background_color=&#8220;#FFFFFF&#8220; background_enable_image=&#8220;off&#8220; background_position=&#8220;bottom_center&#8220; custom_padding=&#8220;||||false|false&#8220; global_colors_info=&#8220;{}&#8220;][et_pb_image src=&#8220;https:\/\/www.dienstleistungen-usedom.de\/de\/wp-content\/uploads\/2023\/11\/street_1400x1000.png&#8220; alt=&#8220;Stra\u00dfe bei blauem Himmel&#8220; title_text=&#8220;street_1400x1000&#8243; _builder_version=&#8220;4.23.1&#8243; _module_preset=&#8220;default&#8220; custom_margin=&#8220;|-18vw|||false|false&#8220; global_colors_info=&#8220;{}&#8220;][\/et_pb_image][\/et_pb_column][\/et_pb_row][et_pb_row column_structure=&#8220;1_3,1_3,1_3&#8243; _builder_version=&#8220;4.21.0&#8243; _module_preset=&#8220;default&#8220; background_color=&#8220;#FF6A00&#8243; custom_margin=&#8220;||||false|false&#8220; custom_margin_tablet=&#8220;||0vw||false|false&#8220; custom_margin_phone=&#8220;||0vw||false|false&#8220; custom_margin_last_edited=&#8220;off|desktop&#8220; custom_padding=&#8220;60px|60px|60px|60px|true|true&#8220; box_shadow_style=&#8220;preset4&#8243; box_shadow_horizontal=&#8220;30vw&#8220; box_shadow_vertical=&#8220;0px&#8220; box_shadow_color=&#8220;#ff6a00&#8243; global_colors_info=&#8220;{}&#8220;][et_pb_column type=&#8220;1_3&#8243; _builder_version=&#8220;4.21.0&#8243; _module_preset=&#8220;default&#8220; global_colors_info=&#8220;{}&#8220;][et_pb_text _builder_version=&#8220;4.21.0&#8243; _module_preset=&#8220;6a91816b-b54f-4573-89fc-4a0ec1e82d82&#8243; header_3_text_color=&#8220;#FFFFFF&#8220; text_orientation=&#8220;center&#8220; global_colors_info=&#8220;{%22gcid-659fca2f-0709-4037-9182-ae7c240c83e4%22:%91%22header_3_text_color%22%93}&#8220;]<\/p>\n<h3>So erreichen Sie uns<\/h3>\n<p>[\/et_pb_text][et_pb_text _builder_version=&#8220;4.21.0&#8243; _module_preset=&#8220;6a91816b-b54f-4573-89fc-4a0ec1e82d82&#8243; header_3_text_color=&#8220;gcid-659fca2f-0709-4037-9182-ae7c240c83e4&#8243; header_4_font=&#8220;Mulish|800|||||||&#8220; header_4_text_color=&#8220;#ffd700&#8243; header_4_font_size=&#8220;24px&#8220; header_4_line_height=&#8220;1.4em&#8220; text_orientation=&#8220;center&#8220; locked=&#8220;off&#8220; global_colors_info=&#8220;{%22gcid-659fca2f-0709-4037-9182-ae7c240c83e4%22:%91%22header_3_text_color%22%93}&#8220;]<\/p>\n<h4>0171-1247067<br \/>oder<br \/>0152-29640039<\/h4>\n<p>[\/et_pb_text][\/et_pb_column][et_pb_column type=&#8220;1_3&#8243; _builder_version=&#8220;4.21.0&#8243; _module_preset=&#8220;default&#8220; global_colors_info=&#8220;{}&#8220;][et_pb_blurb title=&#8220;Technik-Service&#8220; image=&#8220;https:\/\/www.dienstleistungen-usedom.de\/de\/wp-content\/uploads\/2023\/06\/wrench-and-hammer.png&#8220; _builder_version=&#8220;4.21.0&#8243; _module_preset=&#8220;20840f42-8522-4abc-a25f-d7f466f6b567&#8243; header_text_color=&#8220;#FFFFFF&#8220; body_text_color=&#8220;#FFFFFF&#8220; locked=&#8220;off&#8220; global_colors_info=&#8220;{}&#8220;]<\/p>\n<p>Kleinreparaturen, Auf- und Abbauten von Ger\u00e4ten und M\u00f6beln<\/p>\n<p>[\/et_pb_blurb][et_pb_blurb title=&#8220;Baudienstleistungen&#8220; image=&#8220;https:\/\/www.dienstleistungen-usedom.de\/de\/wp-content\/uploads\/2023\/06\/wall-brick.png&#8220; _builder_version=&#8220;4.21.0&#8243; _module_preset=&#8220;20840f42-8522-4abc-a25f-d7f466f6b567&#8243; header_text_color=&#8220;#FFFFFF&#8220; body_text_color=&#8220;#FFFFFF&#8220; locked=&#8220;off&#8220; global_colors_info=&#8220;{}&#8220;]<\/p>\n<p>Maler-, Maurer-, Tischler- und Abbrucharbeiten<\/p>\n<p>[\/et_pb_blurb][et_pb_blurb title=&#8220;Mietmanagement&#8220; image=&#8220;https:\/\/www.dienstleistungen-usedom.de\/de\/wp-content\/uploads\/2023\/06\/house.png&#8220; _builder_version=&#8220;4.21.0&#8243; _module_preset=&#8220;20840f42-8522-4abc-a25f-d7f466f6b567&#8243; header_text_color=&#8220;#FFFFFF&#8220; body_text_color=&#8220;#FFFFFF&#8220; locked=&#8220;off&#8220; global_colors_info=&#8220;{}&#8220;]<\/p>\n<p>Mieterwechsel, Hausordnung, Wohnungsabnahmen<\/p>\n<p>[\/et_pb_blurb][\/et_pb_column][et_pb_column type=&#8220;1_3&#8243; _builder_version=&#8220;4.21.0&#8243; _module_preset=&#8220;default&#8220; global_colors_info=&#8220;{}&#8220;][et_pb_blurb title=&#8220;Objektbetreuung&#8220; image=&#8220;https:\/\/www.dienstleistungen-usedom.de\/de\/wp-content\/uploads\/2023\/06\/security-camera.png&#8220; _builder_version=&#8220;4.21.0&#8243; _module_preset=&#8220;20840f42-8522-4abc-a25f-d7f466f6b567&#8243; header_text_color=&#8220;#FFFFFF&#8220; body_text_color=&#8220;#FFFFFF&#8220; locked=&#8220;off&#8220; global_colors_info=&#8220;{}&#8220;]<\/p>\n<p>\u00dcberwachung und Betreuung der Haustechnik<\/p>\n<p>[\/et_pb_blurb][et_pb_blurb title=&#8220;Gartenpflege&#8220; image=&#8220;https:\/\/www.dienstleistungen-usedom.de\/de\/wp-content\/uploads\/2023\/06\/garden-landscape.png&#8220; _builder_version=&#8220;4.21.0&#8243; _module_preset=&#8220;20840f42-8522-4abc-a25f-d7f466f6b567&#8243; header_text_color=&#8220;#FFFFFF&#8220; body_text_color=&#8220;#FFFFFF&#8220; locked=&#8220;off&#8220; global_colors_info=&#8220;{}&#8220;]<\/p>\n<p>M\u00e4hen, Schneiden, Pflegen und mehr<\/p>\n<p>[\/et_pb_blurb][et_pb_blurb title=&#8220;Reinigung&#8220; image=&#8220;https:\/\/www.dienstleistungen-usedom.de\/de\/wp-content\/uploads\/2023\/06\/bucket-cleaning.png&#8220; _builder_version=&#8220;4.21.0&#8243; _module_preset=&#8220;20840f42-8522-4abc-a25f-d7f466f6b567&#8243; header_text_color=&#8220;#FFFFFF&#8220; body_text_color=&#8220;#FFFFFF&#8220; locked=&#8220;off&#8220; global_colors_info=&#8220;{}&#8220;]<\/p>\n<p>Au\u00dfen und Innen. z.B. Wohnungen oder Grundst\u00fccke<\/p>\n<p>[\/et_pb_blurb][et_pb_button button_url=&#8220;@ET-DC@eyJkeW5hbWljIjp0cnVlLCJjb250ZW50IjoicG9zdF9saW5rX3VybF9wYWdlIiwic2V0dGluZ3MiOnsicG9zdF9pZCI6IjIyIn19@&#8220; button_text=&#8220;Und vieles mehr!&#8220; button_alignment=&#8220;right&#8220; _builder_version=&#8220;4.21.0&#8243; _dynamic_attributes=&#8220;button_url&#8220; _module_preset=&#8220;7a6070b7-3471-4fe3-8037-4bcb5a76e89e&#8220; button_text_color=&#8220;#ff6a00&#8243; button_bg_color=&#8220;#FFFFFF&#8220; global_colors_info=&#8220;{}&#8220;][\/et_pb_button][\/et_pb_column][\/et_pb_row][\/et_pb_section][et_pb_section fb_built=&#8220;1&#8243; _builder_version=&#8220;4.21.0&#8243; _module_preset=&#8220;default&#8220; collapsed=&#8220;off&#8220; global_colors_info=&#8220;{}&#8220;][et_pb_row column_structure=&#8220;1_2,1_2&#8243; use_custom_gutter=&#8220;on&#8220; gutter_width=&#8220;2&#8243; make_equal=&#8220;on&#8220; _builder_version=&#8220;4.21.0&#8243; _module_preset=&#8220;default&#8220; module_alignment=&#8220;center&#8220; global_colors_info=&#8220;{}&#8220;][et_pb_column type=&#8220;1_2&#8243; _builder_version=&#8220;4.21.0&#8243; _module_preset=&#8220;default&#8220; global_colors_info=&#8220;{}&#8220;][et_pb_text _builder_version=&#8220;4.21.0&#8243; _module_preset=&#8220;default&#8220; header_2_font=&#8220;|700|||||||&#8220; header_2_text_color=&#8220;#000000&#8243; header_2_font_size=&#8220;50px&#8220; global_colors_info=&#8220;{}&#8220;]<\/p>\n<h2>Herzlich Willkommen<\/h2>\n<p>[\/et_pb_text][\/et_pb_column][et_pb_column type=&#8220;1_2&#8243; _builder_version=&#8220;4.21.0&#8243; _module_preset=&#8220;default&#8220; global_colors_info=&#8220;{}&#8220;][et_pb_text _builder_version=&#8220;4.21.0&#8243; _module_preset=&#8220;default&#8220; text_text_color=&#8220;#000000&#8243; text_font_size=&#8220;16px&#8220; global_colors_info=&#8220;{}&#8220;]<\/p>\n<p>Wenn Sie auf der Suche nach einem flexiblen Dienstleister sind, der alle anfallenden Arbeiten gewissenhaft und zudem kosteng\u00fcnstig ausf\u00fchrt, sind Sie bei uns an der richtigen Adresse.<\/p>\n<p>Gern erstellen wir Ihnen basierend auf Ihren individuellen W\u00fcnschen und Anforderungen ein unverbindliches Angebot. Ausf\u00fchrliche Informationen zu uns und unseren Leistungen erhalten Sie auf den n\u00e4chsten Seiten.<\/p>\n<p>[\/et_pb_text][et_pb_button button_url=&#8220;@ET-DC@eyJkeW5hbWljIjp0cnVlLCJjb250ZW50IjoicG9zdF9saW5rX3VybF9wYWdlIiwic2V0dGluZ3MiOnsicG9zdF9pZCI6IjIyIn19@&#8220; button_text=&#8220;Unsere Leistungen&#8220; _builder_version=&#8220;4.21.0&#8243; _dynamic_attributes=&#8220;button_url&#8220; _module_preset=&#8220;7a6070b7-3471-4fe3-8037-4bcb5a76e89e&#8220; button_bg_color=&#8220;#FF6A00&#8243; custom_margin=&#8220;40px||||false|false&#8220; global_colors_info=&#8220;{}&#8220;][\/et_pb_button][\/et_pb_column][\/et_pb_row][\/et_pb_section][et_pb_section fb_built=&#8220;1&#8243; disabled_on=&#8220;on|on|on&#8220; admin_label=&#8220;Testimonials&#8220; _builder_version=&#8220;4.23.1&#8243; _module_preset=&#8220;default&#8220; hover_enabled=&#8220;0&#8243; saved_tabs=&#8220;all&#8220; collapsed=&#8220;off&#8220; global_colors_info=&#8220;{}&#8220; disabled=&#8220;on&#8220; sticky_enabled=&#8220;0&#8243;][et_pb_row _builder_version=&#8220;4.19.0&#8243; _module_preset=&#8220;default&#8220; locked=&#8220;off&#8220; global_colors_info=&#8220;{}&#8220;][et_pb_column type=&#8220;4_4&#8243; _builder_version=&#8220;4.19.0&#8243; _module_preset=&#8220;default&#8220; custom_padding=&#8220;40px|40px|40px|40px|true|true&#8220; custom_padding_tablet=&#8220;30px|30px|30px|30px|true|true&#8220; custom_padding_phone=&#8220;20px|20px|20px|20px|true|true&#8220; custom_padding_last_edited=&#8220;on|tablet&#8220; border_width_all=&#8220;1px&#8220; border_color_all=&#8220;#E6E6E6&#8243; global_colors_info=&#8220;{}&#8220;][et_pb_icon font_icon=&#8220;&#xf10d;||fa||900&#8243; icon_color=&#8220;#FF6A00&#8243; icon_width=&#8220;60px&#8220; align=&#8220;left&#8220; _builder_version=&#8220;4.21.0&#8243; _module_preset=&#8220;default&#8220; global_colors_info=&#8220;{}&#8220;][\/et_pb_icon][et_pb_slider _builder_version=&#8220;4.21.0&#8243; _module_preset=&#8220;30426ca4-5895-461f-be20-a15a67a8dde6&#8243; button_bg_color=&#8220;gcid-ba664267-6f92-4ac5-a88f-855d6fa318fd&#8220; custom_margin=&#8220;|-60px||-60px|false|true&#8220; custom_margin_tablet=&#8220;|-30px||-30px|false|true&#8220; custom_margin_phone=&#8220;|-20px||-20px|false|true&#8220; custom_margin_last_edited=&#8220;on|tablet&#8220; custom_padding_tablet=&#8220;||16vw||false|true&#8220; custom_padding_phone=&#8220;||24vw||false|true&#8220; custom_padding_last_edited=&#8220;on|phone&#8220; global_colors_info=&#8220;{%22gcid-ba664267-6f92-4ac5-a88f-855d6fa318fd%22:%91%22button_bg_color%22%93}&#8220;][et_pb_slide heading=&#8220;%22Lorem ipsum dolor sit amet, consectetur adipiscing elit. Donec sed finibus nisi, sed dictum eros. Quisque aliquet velit sit amet sem interdum faucibus. In feugiat aliquet mollis. Etiam tincidunt ligula ut hendrerit semper. Quisque luctus lectus non turpis bibendum posuere. Morbi tortor nibh.%22&#8243; _builder_version=&#8220;4.21.0&#8243; _module_preset=&#8220;default&#8220; header_text_color=&#8220;#2C2C2C&#8220; header_font_size=&#8220;24px&#8220; header_line_height=&#8220;1.8em&#8220; header_font_size_tablet=&#8220;16px&#8220; header_font_size_phone=&#8220;15px&#8220; header_font_size_last_edited=&#8220;on|phone&#8220; global_colors_info=&#8220;{}&#8220; sticky_transition=&#8220;on&#8220;]<\/p>\n<p>&#8211; Falko Binder (CEO &#8211; TBC Group)<\/p>\n<p>[\/et_pb_slide][et_pb_slide heading=&#8220;%22Quisque aliquet velit sit amet sem interdum faucibus. In feugiat aliquet mollis etiam tincidunt ligula. In non pulvinar purus. Curabitur nisi odio, blandit et elit at, suscipit pharetra efficitur elit.%22&#8243; _builder_version=&#8220;4.21.0&#8243; _module_preset=&#8220;default&#8220; header_text_color=&#8220;#2C2C2C&#8220; header_font_size=&#8220;24px&#8220; header_line_height=&#8220;1.8em&#8220; header_font_size_tablet=&#8220;16px&#8220; header_font_size_phone=&#8220;15px&#8220; header_font_size_last_edited=&#8220;on|phone&#8220; global_colors_info=&#8220;{}&#8220; sticky_transition=&#8220;on&#8220;]<\/p>\n<p>&#8211; Steven Bienek (Direct Communications Designer, Create Better)<\/p>\n<p>[\/et_pb_slide][et_pb_slide heading=&#8220;%22In non pulvinar purus. Curabitur nisi odio, blandit et elit at, suscipit pharetra efficitur elit. Quis blandit erat. Donec laoreet libero non metus volutpat consequat in vel metus. Sed non augue id felis pellentesque.%22&#8243; _builder_version=&#8220;4.21.0&#8243; _module_preset=&#8220;default&#8220; header_text_color=&#8220;#2C2C2C&#8220; header_font_size=&#8220;24px&#8220; header_line_height=&#8220;1.8em&#8220; header_font_size_tablet=&#8220;16px&#8220; header_font_size_phone=&#8220;15px&#8220; header_font_size_last_edited=&#8220;on|phone&#8220; global_colors_info=&#8220;{}&#8220; sticky_transition=&#8220;on&#8220;]<\/p>\n<p>&#8211; Nina Turtles (Product Solutions Liason, Pen Family)<\/p>\n<p>[\/et_pb_slide][\/et_pb_slider][\/et_pb_column][\/et_pb_row][\/et_pb_section]<\/p>\n","protected":false},"excerpt":{"rendered":"<p>Ihr Service DienstleisterAls professioneller Service-Dienstleister auf der Ostseeinsel Usedom f\u00fchren wir f\u00fcr Sie vielf\u00e4ltige Arbeiten in Haus und Garten durch.So erreichen Sie uns0171-1247067oder0152-29640039Kleinreparaturen, Auf- und Abbauten von Ger\u00e4ten und M\u00f6belnMaler-, Maurer-, Tischler- und AbbrucharbeitenMieterwechsel, Hausordnung, Wohnungsabnahmen\u00dcberwachung und Betreuung der HaustechnikM\u00e4hen, Schneiden, Pflegen und mehrAu\u00dfen und Innen. z.B. Wohnungen oder Grundst\u00fcckeHerzlich WillkommenWenn Sie auf der Suche [&hellip;]<\/p>\n","protected":false},"author":1,"featured_media":0,"parent":0,"menu_order":1,"comment_status":"closed","ping_status":"closed","template":"","meta":{"_et_pb_use_builder":"on","_et_pb_old_content":"<!-- wp:divi\/placeholder \/-->","_et_gb_content_width":"","footnotes":""},"class_list":["post-19","page","type-page","status-publish","hentry"],"_links":{"self":[{"href":"https:\/\/www.dienstleistungen-usedom.de\/de\/wp-json\/wp\/v2\/pages\/19","targetHints":{"allow":["GET"]}}],"collection":[{"href":"https:\/\/www.dienstleistungen-usedom.de\/de\/wp-json\/wp\/v2\/pages"}],"about":[{"href":"https:\/\/www.dienstleistungen-usedom.de\/de\/wp-json\/wp\/v2\/types\/page"}],"author":[{"embeddable":true,"href":"https:\/\/www.dienstleistungen-usedom.de\/de\/wp-json\/wp\/v2\/users\/1"}],"replies":[{"embeddable":true,"href":"https:\/\/www.dienstleistungen-usedom.de\/de\/wp-json\/wp\/v2\/comments?post=19"}],"version-history":[{"count":17,"href":"https:\/\/www.dienstleistungen-usedom.de\/de\/wp-json\/wp\/v2\/pages\/19\/revisions"}],"predecessor-version":[{"id":250,"href":"https:\/\/www.dienstleistungen-usedom.de\/de\/wp-json\/wp\/v2\/pages\/19\/revisions\/250"}],"wp:attachment":[{"href":"https:\/\/www.dienstleistungen-usedom.de\/de\/wp-json\/wp\/v2\/media?parent=19"}],"curies":[{"name":"wp","href":"https:\/\/api.w.org\/{rel}","templated":true}]}}