{"id":22,"date":"2023-06-12T19:48:50","date_gmt":"2023-06-12T17:48:50","guid":{"rendered":"https:\/\/www.dienstleistungen-usedom.de\/de\/?page_id=22"},"modified":"2023-11-11T14:51:48","modified_gmt":"2023-11-11T13:51:48","slug":"leistungen","status":"publish","type":"page","link":"https:\/\/www.dienstleistungen-usedom.de\/de\/leistungen\/","title":{"rendered":"Leistungen"},"content":{"rendered":"<p>[et_pb_section fb_built=&#8220;1&#8243; admin_label=&#8220;Header&#8220; _builder_version=&#8220;4.21.0&#8243; _module_preset=&#8220;default&#8220; background_color=&#8220;#E02B20&#8243; background_enable_pattern_style=&#8220;on&#8220; background_pattern_style=&#8220;cubes&#8220; collapsed=&#8220;on&#8220; global_colors_info=&#8220;{}&#8220;][et_pb_row _builder_version=&#8220;4.19.0&#8243; _module_preset=&#8220;default&#8220; global_colors_info=&#8220;{}&#8220;][et_pb_column type=&#8220;4_4&#8243; _builder_version=&#8220;4.19.0&#8243; _module_preset=&#8220;default&#8220; global_colors_info=&#8220;{}&#8220;][et_pb_text _builder_version=&#8220;4.21.0&#8243; _module_preset=&#8220;6e2614bd-4401-4886-9f0a-869a4f18085b&#8220; header_text_color=&#8220;#FFFFFF&#8220; global_colors_info=&#8220;{}&#8220;]<\/p>\n<h1>Ihr Services-Dienstleister<\/h1>\n<p>[\/et_pb_text][et_pb_button button_url=&#8220;@ET-DC@eyJkeW5hbWljIjp0cnVlLCJjb250ZW50IjoicG9zdF9saW5rX3VybF9wYWdlIiwic2V0dGluZ3MiOnsicG9zdF9pZCI6IjMwIn19@&#8220; button_text=&#8220;Angebot einholen&#8220; _builder_version=&#8220;4.21.0&#8243; _dynamic_attributes=&#8220;button_url&#8220; _module_preset=&#8220;7ceda9ad-3dde-4588-8d22-86176f8a0639&#8243; button_bg_color=&#8220;#FF6A00&#8243; global_colors_info=&#8220;{}&#8220;][\/et_pb_button][et_pb_text _builder_version=&#8220;4.21.0&#8243; _module_preset=&#8220;4aaf555b-24c6-49a5-b135-a223a4bac5aa&#8220; header_2_text_color=&#8220;#FFFFFF&#8220; locked=&#8220;off&#8220; global_colors_info=&#8220;{}&#8220;]<\/p>\n<h2>0171-124 70 67<\/h2>\n<p>[\/et_pb_text][\/et_pb_column][\/et_pb_row][et_pb_row column_structure=&#8220;2_3,1_3&#8243; make_equal=&#8220;on&#8220; _builder_version=&#8220;4.23.1&#8243; _module_preset=&#8220;default&#8220; custom_margin=&#8220;||-240px||false|false&#8220; hover_enabled=&#8220;0&#8243; global_colors_info=&#8220;{}&#8220; sticky_enabled=&#8220;0&#8243;][et_pb_column type=&#8220;2_3&#8243; _builder_version=&#8220;4.21.0&#8243; _module_preset=&#8220;default&#8220; background_color=&#8220;#FF6A00&#8243; custom_padding=&#8220;80px|80px|80px|80px|true|true&#8220; custom_padding_tablet=&#8220;30px|30px|30px|30px|true|true&#8220; custom_padding_phone=&#8220;20px|20px|20px|20px|true|true&#8220; custom_padding_last_edited=&#8220;on|desktop&#8220; global_colors_info=&#8220;{}&#8220;][et_pb_text _builder_version=&#8220;4.21.0&#8243; _module_preset=&#8220;589522b6-d284-42be-9bd9-da15c10920d2&#8243; header_3_text_color=&#8220;#FFFFFF&#8220; global_colors_info=&#8220;{%22gcid-659fca2f-0709-4037-9182-ae7c240c83e4%22:%91%22header_3_text_color%22%93}&#8220;]<\/p>\n<h3>Gern erstellen wir Ihnen ein unverbindliches Angebot.<\/h3>\n<p>[\/et_pb_text][et_pb_text _builder_version=&#8220;4.21.0&#8243; _module_preset=&#8220;aeab6872-1b0f-49c4-b90b-4fc94420d5b0&#8243; text_text_color=&#8220;#FFFFFF&#8220; global_colors_info=&#8220;{}&#8220;]<\/p>\n<p>Hier finden Sie einen Auszug aus unseren Leistungsangebot.<\/p>\n<p>Wir bieten Ihnen verschiedene Dienstleistungen rund um Ihre Immobilie. Abh\u00e4ngig von Ihren W\u00fcnschen bieten wir Ihnen sowohl Einzelleistungen als auch komplette Betreungspakete f\u00fcr Ihr Objekt.<\/p>\n<p>[\/et_pb_text][\/et_pb_column][et_pb_column type=&#8220;1_3&#8243; _builder_version=&#8220;4.23.1&#8243; _module_preset=&#8220;default&#8220; background_image=&#8220;https:\/\/www.dienstleistungen-usedom.de\/de\/wp-content\/uploads\/2023\/11\/street_1400x1000.png&#8220; hover_enabled=&#8220;0&#8243; global_colors_info=&#8220;{}&#8220; alt=&#8220;Stra\u00dfe bei blauem Himmel&#8220; title_text=&#8220;street_1400x1000&#8243; sticky_enabled=&#8220;0&#8243;][et_pb_divider show_divider=&#8220;off&#8220; _builder_version=&#8220;4.19.0&#8243; _module_preset=&#8220;default&#8220; height_tablet=&#8220;40vw&#8220; height_phone=&#8220;40vw&#8220; height_last_edited=&#8220;on|desktop&#8220; global_colors_info=&#8220;{}&#8220;][\/et_pb_divider][\/et_pb_column][\/et_pb_row][\/et_pb_section][et_pb_section fb_built=&#8220;1&#8243; admin_label=&#8220;Services&#8220; _builder_version=&#8220;4.19.0&#8243; _module_preset=&#8220;default&#8220; custom_padding=&#8220;240px||||false|false&#8220; collapsed=&#8220;on&#8220; global_colors_info=&#8220;{}&#8220;][et_pb_row _builder_version=&#8220;4.19.0&#8243; _module_preset=&#8220;default&#8220; max_width=&#8220;700px&#8220; global_colors_info=&#8220;{}&#8220;][et_pb_column type=&#8220;4_4&#8243; _builder_version=&#8220;4.19.0&#8243; _module_preset=&#8220;default&#8220; global_colors_info=&#8220;{}&#8220;][et_pb_text _builder_version=&#8220;4.21.0&#8243; _module_preset=&#8220;4aaf555b-24c6-49a5-b135-a223a4bac5aa&#8220; global_colors_info=&#8220;{}&#8220;]<\/p>\n<h2>Unsere Leistungen<\/h2>\n<p>[\/et_pb_text][et_pb_blurb title=&#8220;Baudienstleistungen&#8220; image=&#8220;https:\/\/www.dienstleistungen-usedom.de\/de\/wp-content\/uploads\/2023\/06\/bricke_orange.png&#8220; _builder_version=&#8220;4.21.0&#8243; _module_preset=&#8220;30189611-ff77-4af6-ab2e-41ce88049d58&#8243; custom_margin=&#8220;||60px||false|false&#8220; locked=&#8220;off&#8220; global_colors_info=&#8220;{}&#8220;]<\/p>\n<ul type=\"square\">\n<li>Ausf\u00fchrung von Maler-, Maurer-, Tischler- und Abbrucharbeiten<\/li>\n<\/ul>\n<p>[\/et_pb_blurb][et_pb_blurb title=&#8220;Kleinreparaturen und Technik-Service&#8220; image=&#8220;https:\/\/www.dienstleistungen-usedom.de\/de\/wp-content\/uploads\/2023\/06\/tools_orange.png&#8220; _builder_version=&#8220;4.21.0&#8243; _module_preset=&#8220;30189611-ff77-4af6-ab2e-41ce88049d58&#8243; custom_margin=&#8220;||60px||false|false&#8220; locked=&#8220;off&#8220; global_colors_info=&#8220;{}&#8220;]<\/p>\n<ul type=\"square\">\n<li>T\u00fcren \u00f6len und auf Leichtg\u00e4ngigkeit pr\u00fcfen<\/li>\n<li>Gangbar machen von T\u00fcren und Fenstern<\/li>\n<li>Aufstellen von Haushalts- und K\u00fcchenger\u00e4ten<\/li>\n<li>Aufstellen von Abholm\u00f6beln<\/li>\n<li>Aufh\u00e4ngen von Bildern<\/li>\n<li>Anbringen von Lampen<\/li>\n<\/ul>\n<p>[\/et_pb_blurb][et_pb_blurb title=&#8220;Mietmanagement&#8220; image=&#8220;https:\/\/www.dienstleistungen-usedom.de\/de\/wp-content\/uploads\/2023\/06\/apartment2_orange.png&#8220; _builder_version=&#8220;4.21.0&#8243; _module_preset=&#8220;30189611-ff77-4af6-ab2e-41ce88049d58&#8243; custom_margin=&#8220;||60px||false|false&#8220; locked=&#8220;off&#8220; global_colors_info=&#8220;{}&#8220;]<\/p>\n<ul>\n<li>Durchf\u00fchrung von Mieterwechseln<\/li>\n<li>\u00dcberwachung der Einhaltung von Hausordnungen<\/li>\n<li>Wohnungsabnahmen<\/li>\n<\/ul>\n<p>[\/et_pb_blurb][et_pb_blurb title=&#8220;Ferienwohnung-Pflege \/ Housesitting&#8220; image=&#8220;https:\/\/www.dienstleistungen-usedom.de\/de\/wp-content\/uploads\/2023\/06\/house_orange.png&#8220; _builder_version=&#8220;4.21.0&#8243; _module_preset=&#8220;30189611-ff77-4af6-ab2e-41ce88049d58&#8243; custom_margin=&#8220;||60px||false|false&#8220; locked=&#8220;off&#8220; global_colors_info=&#8220;{}&#8220;]<\/p>\n<ul>\n<li>Briefkastenleerung<\/li>\n<li>Blumen gie\u00dfen<\/li>\n<li>Garteninstandhaltung<\/li>\n<li>Sicherheits\u00fcberpr\u00fcfung<\/li>\n<\/ul>\n<p>[\/et_pb_blurb][et_pb_blurb title=&#8220;\u00dcberwachung und Betreuung der Haustechnik&#8220; image=&#8220;https:\/\/www.dienstleistungen-usedom.de\/de\/wp-content\/uploads\/2023\/06\/camera_orange.png&#8220; _builder_version=&#8220;4.21.0&#8243; _module_preset=&#8220;30189611-ff77-4af6-ab2e-41ce88049d58&#8243; custom_margin=&#8220;||60px||false|false&#8220; locked=&#8220;off&#8220; global_colors_info=&#8220;{}&#8220;]<\/p>\n<ul type=\"square\">\n<li>Bedienung der Heizungsanlage<\/li>\n<li>Bedienung von Pumpen, Entl\u00fcftung von Heizk\u00f6rpern<\/li>\n<li>\u00dcberwachung von Brennstoffvorr\u00e4ten<\/li>\n<li>\u00dcberpr\u00fcfung (keine Reparaturen) von Klingelanlagen und Beleuchtungen (Innen und Au\u00dfen)<\/li>\n<li>Kontrolle von Liftanlagen auf Funktion<\/li>\n<\/ul>\n<p>[\/et_pb_blurb][et_pb_blurb title=&#8220;Innenreinigung und Instandhaltung&#8220; image=&#8220;https:\/\/www.dienstleistungen-usedom.de\/de\/wp-content\/uploads\/2023\/06\/bucket_orange.png&#8220; _builder_version=&#8220;4.21.0&#8243; _module_preset=&#8220;30189611-ff77-4af6-ab2e-41ce88049d58&#8243; custom_margin=&#8220;||60px||false|false&#8220; locked=&#8220;off&#8220; global_colors_info=&#8220;{}&#8220;]<\/p>\n<ul type=\"square\">\n<li>Reinigung (Wohnungen, Treppenh\u00e4user etc.) nach Haushaltsart (Fensterreinigung, kehren, saugen, wischen, Staub wischen etc.)<\/li>\n<li>Instandhaltung und Reinigung technischer R\u00e4ume, wie z.B. \u00d6llagern, Heizungs-, Wasch- und Trockenr\u00e4umen etc.<\/li>\n<li>Beseitigung von kleineren Verstopfungen<\/li>\n<li>Toilettenbetreuung (Seife, Handt\u00fccher, Papier)<\/li>\n<li>Glasreinigung<\/li>\n<\/ul>\n<p>[\/et_pb_blurb][et_pb_blurb title=&#8220;Reinigung und Instandhaltung von Au\u00dfenanlagen&#8220; image=&#8220;https:\/\/www.dienstleistungen-usedom.de\/de\/wp-content\/uploads\/2023\/06\/broom_orange.png&#8220; _builder_version=&#8220;4.21.0&#8243; _module_preset=&#8220;30189611-ff77-4af6-ab2e-41ce88049d58&#8243; custom_margin=&#8220;||60px||false|false&#8220; locked=&#8220;off&#8220; global_colors_info=&#8220;{}&#8220;]<\/p>\n<ul type=\"square\">\n<li>Reinigung von Hauszug\u00e4ngen, Zufahrten, Wegen, Terrassen und weiteren Grundst\u00fccksfl\u00e4chen manuell oder mit Kehrsaugmaschine<\/li>\n<li>Entleerung von Papier- und Abfallk\u00f6rben sowie Instandhaltung von M\u00fcllpl\u00e4tzen und M\u00fcllr\u00e4umen<\/li>\n<li>Dachrinnenreinigung<\/li>\n<li>Glasreinigung<\/li>\n<\/ul>\n<p>[\/et_pb_blurb][et_pb_blurb title=&#8220;Winterdienst&#8220; image=&#8220;https:\/\/www.dienstleistungen-usedom.de\/de\/wp-content\/uploads\/2023\/06\/snowflake_orange.png&#8220; _builder_version=&#8220;4.21.0&#8243; _module_preset=&#8220;30189611-ff77-4af6-ab2e-41ce88049d58&#8243; custom_margin=&#8220;||60px||false|false&#8220; locked=&#8220;off&#8220; global_colors_info=&#8220;{}&#8220;]<\/p>\n<ul type=\"square\">\n<li>Befreiung von Wegen, Zufahrten und Zug\u00e4ngen von Eis und Schnee<\/li>\n<li>Streuung mit abstumpfenden Mitteln<\/li>\n<li>Entfernung des Streuguts<\/li>\n<\/ul>\n<p>[\/et_pb_blurb][et_pb_blurb title=&#8220;Gartenpflege&#8220; image=&#8220;https:\/\/www.dienstleistungen-usedom.de\/de\/wp-content\/uploads\/2023\/06\/garden_orange.png&#8220; _builder_version=&#8220;4.21.0&#8243; _module_preset=&#8220;30189611-ff77-4af6-ab2e-41ce88049d58&#8243; locked=&#8220;off&#8220; global_colors_info=&#8220;{}&#8220;]<\/p>\n<ul type=\"square\">\n<li>Pflege und Instandhaltung der Gr\u00fcn- und GartenanlagenGartenpflege<\/li>\n<li>Schneiden von Hecken und B\u00fcschen<\/li>\n<li>Rasen m\u00e4hen, vertikutieren, w\u00e4ssern und d\u00fcngen<\/li>\n<li>Beetepflege<\/li>\n<li>Pflanzungen<\/li>\n<li>Beseitigung von Unrat, Laub und anderen Gartenabf\u00e4llen<\/li>\n<li>Instandhaltung von Spielplatzanlagen und Sandk\u00e4sten<\/li>\n<\/ul>\n<p>[\/et_pb_blurb][et_pb_blurb title=&#8220;Sonstiges&#8220; image=&#8220;https:\/\/www.dienstleistungen-usedom.de\/de\/wp-content\/uploads\/2023\/06\/misc2_orange.png&#8220; _builder_version=&#8220;4.21.0&#8243; _module_preset=&#8220;30189611-ff77-4af6-ab2e-41ce88049d58&#8243; locked=&#8220;off&#8220; global_colors_info=&#8220;{}&#8220;]<\/p>\n<ul type=\"square\">\n<li>Umz\u00fcge<\/li>\n<li>Haushaltsaufl\u00f6sungen<\/li>\n<li>Objektbetreuung und Haus\u00fcberwachung<\/li>\n<li>Beauftragung, Betreuung und \u00dcberwachung von Fachfirmen f\u00fcr gr\u00f6\u00dfere Reparaturen und Instandsetzungsarbeiten<\/li>\n<li>Vertretungsdienste f\u00fcr festangestellte Hausmeister<\/li>\n<\/ul>\n<p>[\/et_pb_blurb][\/et_pb_column][\/et_pb_row][\/et_pb_section][et_pb_section fb_built=&#8220;1&#8243; admin_label=&#8220;Call to Action&#8220; _builder_version=&#8220;4.19.0&#8243; _module_preset=&#8220;default&#8220; collapsed=&#8220;on&#8220; global_colors_info=&#8220;{}&#8220;][et_pb_row column_structure=&#8220;1_2,1_2&#8243; _builder_version=&#8220;4.21.0&#8243; _module_preset=&#8220;default&#8220; global_colors_info=&#8220;{}&#8220;][et_pb_column type=&#8220;1_2&#8243; _builder_version=&#8220;4.19.0&#8243; _module_preset=&#8220;default&#8220; global_colors_info=&#8220;{}&#8220;][et_pb_text _builder_version=&#8220;4.21.0&#8243; _module_preset=&#8220;c903000a-eca4-48ba-801f-ee59bc73367a&#8220; global_colors_info=&#8220;{}&#8220;]<\/p>\n<h2>Ihr<\/h2>\n<p>[\/et_pb_text][et_pb_text _builder_version=&#8220;4.19.2&#8243; _module_preset=&#8220;4aaf555b-24c6-49a5-b135-a223a4bac5aa&#8220; locked=&#8220;off&#8220; global_colors_info=&#8220;{}&#8220;]<\/p>\n<h2>Service<\/h2>\n<p>[\/et_pb_text][et_pb_image src=&#8220;https:\/\/www.dienstleistungen-usedom.de\/de\/wp-content\/uploads\/2023\/06\/photo-1563792223916-8b1b2ce8fc5b-scaled.webp&#8220; title_text=&#8220;photo-1563792223916-8b1b2ce8fc5b&#8220; _builder_version=&#8220;4.21.0&#8243; _module_preset=&#8220;default&#8220; global_colors_info=&#8220;{}&#8220;][\/et_pb_image][\/et_pb_column][et_pb_column type=&#8220;1_2&#8243; _builder_version=&#8220;4.21.0&#8243; _module_preset=&#8220;default&#8220; background_color=&#8220;#FF6A00&#8243; custom_padding=&#8220;40px|40px|40px|40px|true|true&#8220; global_colors_info=&#8220;{}&#8220;][et_pb_text _builder_version=&#8220;4.21.0&#8243; _module_preset=&#8220;4aaf555b-24c6-49a5-b135-a223a4bac5aa&#8220; header_2_text_color=&#8220;#FFFFFF&#8220; global_colors_info=&#8220;{}&#8220;]<\/p>\n<h2>Sollten Sie bestimmte Leistungen vermissen, nehmen Sie bitte Kontakt mit uns auf.<\/h2>\n<p>[\/et_pb_text][et_pb_text _builder_version=&#8220;4.21.0&#8243; _module_preset=&#8220;4aaf555b-24c6-49a5-b135-a223a4bac5aa&#8220; header_2_text_color=&#8220;#FFFFFF&#8220; locked=&#8220;off&#8220; global_colors_info=&#8220;{}&#8220;]<\/p>\n<h2>0171-124 70 67<\/h2>\n<p>[\/et_pb_text][et_pb_button button_url=&#8220;@ET-DC@eyJkeW5hbWljIjp0cnVlLCJjb250ZW50IjoicG9zdF9saW5rX3VybF9wYWdlIiwic2V0dGluZ3MiOnsicG9zdF9pZCI6IjMwIn19@&#8220; button_text=&#8220;Senden Sie uns eine Nachricht&#8220; _builder_version=&#8220;4.21.0&#8243; _dynamic_attributes=&#8220;button_url&#8220; _module_preset=&#8220;834ce443-f6bd-4bed-afa3-1bdf953132e1&#8243; button_text_color=&#8220;#ff6a00&#8243; global_colors_info=&#8220;{}&#8220;][\/et_pb_button][\/et_pb_column][\/et_pb_row][\/et_pb_section][et_pb_section fb_built=&#8220;1&#8243; admin_label=&#8220;Features&#8220; _builder_version=&#8220;4.19.0&#8243; _module_preset=&#8220;default&#8220; collapsed=&#8220;on&#8220; global_colors_info=&#8220;{}&#8220;][et_pb_row column_structure=&#8220;1_2,1_2&#8243; _builder_version=&#8220;4.19.0&#8243; _module_preset=&#8220;default&#8220; global_colors_info=&#8220;{}&#8220;][et_pb_column type=&#8220;1_2&#8243; _builder_version=&#8220;4.19.0&#8243; _module_preset=&#8220;default&#8220; global_colors_info=&#8220;{}&#8220;][et_pb_image src=&#8220;https:\/\/www.dienstleistungen-usedom.de\/de\/wp-content\/uploads\/2023\/11\/image-2.png&#8220; title_text=&#8220;image (2)&#8220; _builder_version=&#8220;4.23.1&#8243; _module_preset=&#8220;default&#8220; hover_enabled=&#8220;0&#8243; global_colors_info=&#8220;{}&#8220; alt=&#8220;Treppe zum Strand&#8220; sticky_enabled=&#8220;0&#8243;][\/et_pb_image][\/et_pb_column][et_pb_column type=&#8220;1_2&#8243; _builder_version=&#8220;4.19.0&#8243; _module_preset=&#8220;default&#8220; global_colors_info=&#8220;{}&#8220;][et_pb_image src=&#8220;https:\/\/www.dienstleistungen-usedom.de\/de\/wp-content\/uploads\/2023\/11\/image-1.png&#8220; title_text=&#8220;image (1)&#8220; _builder_version=&#8220;4.23.1&#8243; _module_preset=&#8220;default&#8220; hover_enabled=&#8220;0&#8243; locked=&#8220;off&#8220; global_colors_info=&#8220;{}&#8220; alt=&#8220;Villa Hohe Buchen&#8220; sticky_enabled=&#8220;0&#8243;][\/et_pb_image][\/et_pb_column][\/et_pb_row][et_pb_row column_structure=&#8220;1_2,1_2&#8243; _builder_version=&#8220;4.19.0&#8243; _module_preset=&#8220;default&#8220; global_colors_info=&#8220;{}&#8220;][et_pb_column type=&#8220;1_2&#8243; _builder_version=&#8220;4.19.0&#8243; _module_preset=&#8220;default&#8220; global_colors_info=&#8220;{}&#8220;][et_pb_text _builder_version=&#8220;4.21.0&#8243; _module_preset=&#8220;4aaf555b-24c6-49a5-b135-a223a4bac5aa&#8220; global_colors_info=&#8220;{}&#8220;]<\/p>\n<h2>Service<br \/>Das zeichnet uns aus<\/h2>\n<p>[\/et_pb_text][\/et_pb_column][et_pb_column type=&#8220;1_2&#8243; _builder_version=&#8220;4.19.0&#8243; _module_preset=&#8220;default&#8220; global_colors_info=&#8220;{}&#8220;][et_pb_blurb title=&#8220;Kompetenz und Professionalit\u00e4t&#8220; use_icon=&#8220;on&#8220; font_icon=&#8220;&#xe052;||divi||400&#8243; icon_color=&#8220;#FF6A00&#8243; _builder_version=&#8220;4.21.0&#8243; _module_preset=&#8220;a45ae710-668b-4f6d-9dcd-07125aac4441&#8243; locked=&#8220;off&#8220; global_colors_info=&#8220;{}&#8220;]<\/p>\n<p>Wir bringen beides zusammen. &#8211; Ihre Zufriedenheit ist unser Ziel!<\/p>\n<p>[\/et_pb_blurb][et_pb_blurb title=&#8220;Schnell und zuverl\u00e4ssig&#8220; use_icon=&#8220;on&#8220; font_icon=&#8220;&#xe052;||divi||400&#8243; icon_color=&#8220;#FF6A00&#8243; _builder_version=&#8220;4.21.0&#8243; _module_preset=&#8220;a45ae710-668b-4f6d-9dcd-07125aac4441&#8243; locked=&#8220;off&#8220; global_colors_info=&#8220;{}&#8220;]<\/p>\n<p>Wir bringen Ihre W\u00fcnsche auf den Punkt. &#8211; Ihr Partner f\u00fcr eine erfolgreiche Zusammenarbeit!<\/p>\n<p>[\/et_pb_blurb][et_pb_blurb title=&#8220;Faire Konditionen&#8220; use_icon=&#8220;on&#8220; font_icon=&#8220;&#xe052;||divi||400&#8243; icon_color=&#8220;#FF6A00&#8243; _builder_version=&#8220;4.21.0&#8243; _module_preset=&#8220;a45ae710-668b-4f6d-9dcd-07125aac4441&#8243; locked=&#8220;off&#8220; global_colors_info=&#8220;{}&#8220;]<\/p>\n<p>Unsere Services haben die beste Qualit\u00e4t zu fairen Preisen. Testen Sie uns!<\/p>\n<p>[\/et_pb_blurb][\/et_pb_column][\/et_pb_row][\/et_pb_section]<\/p>\n","protected":false},"excerpt":{"rendered":"<p>Ihr Services-Dienstleister0171-124 70 67Gern erstellen wir Ihnen ein unverbindliches Angebot.Hier finden Sie einen Auszug aus unseren Leistungsangebot. Wir bieten Ihnen verschiedene Dienstleistungen rund um Ihre Immobilie. Abh\u00e4ngig von Ihren W\u00fcnschen bieten wir Ihnen sowohl Einzelleistungen als auch komplette Betreungspakete f\u00fcr Ihr Objekt.Unsere Leistungen Ausf\u00fchrung von Maler-, Maurer-, Tischler- und Abbrucharbeiten T\u00fcren \u00f6len und auf Leichtg\u00e4ngigkeit [&hellip;]<\/p>\n","protected":false},"author":1,"featured_media":0,"parent":0,"menu_order":2,"comment_status":"closed","ping_status":"closed","template":"","meta":{"_et_pb_use_builder":"on","_et_pb_old_content":"<!-- wp:divi\/placeholder \/-->","_et_gb_content_width":"","footnotes":""},"class_list":["post-22","page","type-page","status-publish","hentry"],"_links":{"self":[{"href":"https:\/\/www.dienstleistungen-usedom.de\/de\/wp-json\/wp\/v2\/pages\/22","targetHints":{"allow":["GET"]}}],"collection":[{"href":"https:\/\/www.dienstleistungen-usedom.de\/de\/wp-json\/wp\/v2\/pages"}],"about":[{"href":"https:\/\/www.dienstleistungen-usedom.de\/de\/wp-json\/wp\/v2\/types\/page"}],"author":[{"embeddable":true,"href":"https:\/\/www.dienstleistungen-usedom.de\/de\/wp-json\/wp\/v2\/users\/1"}],"replies":[{"embeddable":true,"href":"https:\/\/www.dienstleistungen-usedom.de\/de\/wp-json\/wp\/v2\/comments?post=22"}],"version-history":[{"count":13,"href":"https:\/\/www.dienstleistungen-usedom.de\/de\/wp-json\/wp\/v2\/pages\/22\/revisions"}],"predecessor-version":[{"id":235,"href":"https:\/\/www.dienstleistungen-usedom.de\/de\/wp-json\/wp\/v2\/pages\/22\/revisions\/235"}],"wp:attachment":[{"href":"https:\/\/www.dienstleistungen-usedom.de\/de\/wp-json\/wp\/v2\/media?parent=22"}],"curies":[{"name":"wp","href":"https:\/\/api.w.org\/{rel}","templated":true}]}}