{"id":24,"date":"2023-06-12T19:49:03","date_gmt":"2023-06-12T17:49:03","guid":{"rendered":"https:\/\/www.dienstleistungen-usedom.de\/de\/?page_id=24"},"modified":"2023-11-11T14:54:03","modified_gmt":"2023-11-11T13:54:03","slug":"ueber-uns","status":"publish","type":"page","link":"https:\/\/www.dienstleistungen-usedom.de\/de\/ueber-uns\/","title":{"rendered":"\u00dcber uns"},"content":{"rendered":"<p>[et_pb_section fb_built=&#8220;1&#8243; admin_label=&#8220;Call to Action&#8220; _builder_version=&#8220;4.19.2&#8243; _module_preset=&#8220;default&#8220; collapsed=&#8220;on&#8220; global_colors_info=&#8220;{}&#8220;][et_pb_row column_structure=&#8220;1_2,1_2&#8243; _builder_version=&#8220;4.19.0&#8243; _module_preset=&#8220;default&#8220; global_colors_info=&#8220;{}&#8220;][et_pb_column type=&#8220;1_2&#8243; _builder_version=&#8220;4.19.0&#8243; _module_preset=&#8220;default&#8220; custom_padding=&#8220;8%||8%||true|false&#8220; custom_padding_tablet=&#8220;0%||0%||true|false&#8220; custom_padding_phone=&#8220;0%||0%||true|false&#8220; custom_padding_last_edited=&#8220;on|tablet&#8220; global_colors_info=&#8220;{}&#8220;][et_pb_text _builder_version=&#8220;4.21.0&#8243; _module_preset=&#8220;7a0a5a64-60cc-48da-9253-a38f9540a708&#8243; global_colors_info=&#8220;{}&#8220;]<\/p>\n<h1>\u00dcber uns<\/h1>\n<p>[\/et_pb_text][et_pb_text _builder_version=&#8220;4.21.0&#8243; _module_preset=&#8220;c409cc2a-e49b-46b8-9e94-0242e3ad9bda&#8220; global_colors_info=&#8220;{}&#8220;]<\/p>\n<p><span>&#8222;Willkommen bei unserem Dienstleistungsunternehmen auf der wundersch\u00f6nen Ferieninsel Usedom! Seit vielen Jahren bieten wir unseren Kunden eine breite Palette von Services, um Ihren Aufenthalt hier noch angenehmer und sorgenfreier zu gestalten.<\/span><\/p>\n<p>[\/et_pb_text][et_pb_button button_url=&#8220;@ET-DC@eyJkeW5hbWljIjp0cnVlLCJjb250ZW50IjoicG9zdF9saW5rX3VybF9wYWdlIiwic2V0dGluZ3MiOnsicG9zdF9pZCI6IjMwIn19@&#8220; button_text=&#8220;Kontakt aufnehmen&#8220; _builder_version=&#8220;4.21.0&#8243; _dynamic_attributes=&#8220;button_url&#8220; _module_preset=&#8220;0dfcb70e-a4b8-4dbe-8d88-fe3592f9b8db&#8220; button_bg_color=&#8220;#FF6A00&#8243; global_colors_info=&#8220;{}&#8220;][\/et_pb_button][\/et_pb_column][et_pb_column type=&#8220;1_2&#8243; _builder_version=&#8220;4.19.0&#8243; _module_preset=&#8220;default&#8220; global_colors_info=&#8220;{}&#8220;][et_pb_image src=&#8220;https:\/\/www.dienstleistungen-usedom.de\/de\/wp-content\/uploads\/2023\/11\/image.png&#8220; title_text=&#8220;image&#8220; _builder_version=&#8220;4.23.1&#8243; _module_preset=&#8220;default&#8220; hover_enabled=&#8220;0&#8243; global_colors_info=&#8220;{}&#8220; alt=&#8220;Stra\u00dfe bei blauem Himmel&#8220; sticky_enabled=&#8220;0&#8243;][\/et_pb_image][\/et_pb_column][\/et_pb_row][\/et_pb_section][et_pb_section fb_built=&#8220;1&#8243; admin_label=&#8220;About&#8220; _builder_version=&#8220;4.19.0&#8243; _module_preset=&#8220;default&#8220; collapsed=&#8220;on&#8220; global_colors_info=&#8220;{}&#8220;][et_pb_row column_structure=&#8220;1_2,1_2&#8243; _builder_version=&#8220;4.19.2&#8243; _module_preset=&#8220;default&#8220; module_alignment_tablet=&#8220;center&#8220; module_alignment_phone=&#8220;center&#8220; module_alignment_last_edited=&#8220;off|desktop&#8220; global_colors_info=&#8220;{}&#8220;][et_pb_column type=&#8220;1_2&#8243; _builder_version=&#8220;4.19.0&#8243; _module_preset=&#8220;default&#8220; global_colors_info=&#8220;{}&#8220;][et_pb_image src=&#8220;https:\/\/www.dienstleistungen-usedom.de\/de\/wp-content\/uploads\/2023\/11\/image-3.png&#8220; title_text=&#8220;image (3)&#8220; align=&#8220;right&#8220; _builder_version=&#8220;4.23.1&#8243; _module_preset=&#8220;default&#8220; hover_enabled=&#8220;0&#8243; global_colors_info=&#8220;{}&#8220; alt=&#8220;Villa auf Usedom&#8220; sticky_enabled=&#8220;0&#8243;][\/et_pb_image][\/et_pb_column][et_pb_column type=&#8220;1_2&#8243; _builder_version=&#8220;4.19.0&#8243; _module_preset=&#8220;default&#8220; global_colors_info=&#8220;{}&#8220;][et_pb_text _builder_version=&#8220;4.21.0&#8243; _module_preset=&#8220;c409cc2a-e49b-46b8-9e94-0242e3ad9bda&#8220; text_text_color=&#8220;#FFFFFF&#8220; background_color=&#8220;#FF6A00&#8243; custom_padding=&#8220;60px|60px|60px|60px|true|true&#8220; custom_padding_tablet=&#8220;30px|30px|30px|30px|true|true&#8220; custom_padding_phone=&#8220;20px|20px|20px|20px|true|true&#8220; custom_padding_last_edited=&#8220;on|tablet&#8220; global_colors_info=&#8220;{}&#8220;]<\/p>\n<p><span>Wir sind ein junges Dienstleistungsunternehmen mit Sitz auf der Ostseeinsel Usedom. F\u00fcr unsere Kunden sind wir in Notf\u00e4llen 24 Stunden am Tag, 365 Tage im Jahr erreichbar. Unser Ziel ist es, durch Vertrauen und Kompetenz Ihren W\u00fcnschen gerecht zu werden. Wir haben es uns zur Aufgabe gemacht, in jeder Situation f\u00fcr Sie da zu sein.<\/span><\/p>\n<p>[\/et_pb_text][et_pb_text _builder_version=&#8220;4.21.0&#8243; _module_preset=&#8220;c409cc2a-e49b-46b8-9e94-0242e3ad9bda&#8220; custom_padding=&#8220;60px|60px|60px|60px|true|true&#8220; custom_padding_tablet=&#8220;30px|30px|30px|30px|true|true&#8220; custom_padding_phone=&#8220;20px|20px|20px|20px|true|true&#8220; custom_padding_last_edited=&#8220;on|tablet&#8220; global_colors_info=&#8220;{}&#8220;]<\/p>\n<p>Unser erfahrenes Team k\u00fcmmert sich um die Innen- und Au\u00dfenreinigung Ihrer Immobilien, damit Sie stets eine saubere und einladende Umgebung vorfinden. Von der regelm\u00e4\u00dfigen Pflege Ihres Gartens bis hin zur fachkundigen Betreuung Ihrer Mietobjekte stehen wir Ihnen mit Rat und Tat zur Seite. Wir wissen, wie wichtig es ist, dass Ihre Immobilien gut gepflegt sind und Ihnen und Ihren G\u00e4sten einen erstklassigen Aufenthalt erm\u00f6glichen.<\/p>\n<p>Zus\u00e4tzlich zu unseren Reinigungs- und Betreuungsdiensten bieten wir auch einen umfassenden Winterdienst an, der sicherstellt, dass Ihre Wege und Zufahrten auch bei Schnee und Eis stets begehbar sind. F\u00fcr kleinere Reparaturen stehen Ihnen unsere Fachleute zur Verf\u00fcgung, die mit ihrer Expertise daf\u00fcr sorgen, dass alles reibungslos funktioniert.<\/p>\n<p>Unser Technik-Service bietet Ihnen Unterst\u00fctzung bei allen technischen Fragen und Problemen. Egal ob es um die Installation von elektronischen Ger\u00e4ten geht oder um die Behebung von St\u00f6rungen in Ihrer Haustechnik &#8211; wir sind f\u00fcr Sie da.<\/p>\n<p>Dar\u00fcber hinaus bieten wir auch Baudienstleistungen an, um Ihnen bei gr\u00f6\u00dferen Projekten behilflich zu sein. Ob es um Umbauten, Renovierungen oder Erweiterungen geht, wir stellen sicher, dass alles nach Ihren W\u00fcnschen und Anforderungen umgesetzt wird.<\/p>\n<p>Wir sind stolz darauf, ein umfassendes Dienstleistungsunternehmen zu sein, das Ihnen in allen Belangen rund um Ihre Immobilien zur Seite steht. Unser Ziel ist es, Ihnen den bestm\u00f6glichen Service zu bieten und daf\u00fcr zu sorgen, dass Sie sich voll und ganz auf Ihren Aufenthalt auf Usedom konzentrieren k\u00f6nnen.<\/p>\n<p>Kontaktieren Sie uns noch heute, um mehr \u00fcber unsere Services zu erfahren und wie wir Ihnen helfen k\u00f6nnen. Wir freuen uns darauf, Ihnen den Alltag zu erleichtern und Ihnen einen erstklassigen Service zu bieten!&#8220;<\/p>\n<p>Bitte beachten Sie, dass dieser Text als Ausgangspunkt dienen kann und Sie ihn an Ihre spezifischen Anforderungen anpassen sollten.<\/p>\n<p>&nbsp;<\/p>\n<p>[\/et_pb_text][\/et_pb_column][\/et_pb_row][\/et_pb_section][et_pb_section fb_built=&#8220;1&#8243; admin_label=&#8220;Features&#8220; _builder_version=&#8220;4.19.0&#8243; _module_preset=&#8220;default&#8220; collapsed=&#8220;on&#8220; global_colors_info=&#8220;{}&#8220;][et_pb_row column_structure=&#8220;1_3,1_3,1_3&#8243; _builder_version=&#8220;4.19.0&#8243; _module_preset=&#8220;default&#8220; global_colors_info=&#8220;{}&#8220;][et_pb_column type=&#8220;1_3&#8243; _builder_version=&#8220;4.19.0&#8243; _module_preset=&#8220;default&#8220; global_colors_info=&#8220;{}&#8220;][et_pb_text _builder_version=&#8220;4.21.0&#8243; _module_preset=&#8220;4477e268-7a76-4e7d-b3d0-2fc2d6eeb713&#8243; global_colors_info=&#8220;{}&#8220;]<\/p>\n<h2>Was zeichnet uns aus?<\/h2>\n<p>[\/et_pb_text][\/et_pb_column][et_pb_column type=&#8220;1_3&#8243; _builder_version=&#8220;4.19.0&#8243; _module_preset=&#8220;default&#8220; global_colors_info=&#8220;{}&#8220;][et_pb_text _builder_version=&#8220;4.21.0&#8243; _module_preset=&#8220;4e62bfb4-ec2b-4914-ae18-019e574e2452&#8243; custom_margin=&#8220;||0px||false|false&#8220; global_colors_info=&#8220;{}&#8220;]<\/p>\n<h4><span>Fachkompetenz<\/span><\/h4>\n<p>[\/et_pb_text][et_pb_text _builder_version=&#8220;4.21.0&#8243; _module_preset=&#8220;6a11345e-41c9-4ca6-abfb-411bcbd422ef&#8220; locked=&#8220;off&#8220; global_colors_info=&#8220;{}&#8220;]<\/p>\n<p><span> Ein herausragendes Unternehmen zeichnet sich durch Fachwissen und Kompetenz in den angebotenen Dienstleistungen aus. Die Mitarbeiter sollten \u00fcber das erforderliche Know-how verf\u00fcgen, um qualitativ hochwertige Arbeit zu leisten.<\/span><\/p>\n<p>[\/et_pb_text][et_pb_text _builder_version=&#8220;4.21.0&#8243; _module_preset=&#8220;4e62bfb4-ec2b-4914-ae18-019e574e2452&#8243; custom_margin=&#8220;||0px||false|false&#8220; global_colors_info=&#8220;{}&#8220;]<\/p>\n<h4><span>Qualit\u00e4t<\/span><\/h4>\n<p>[\/et_pb_text][et_pb_text _builder_version=&#8220;4.21.0&#8243; _module_preset=&#8220;6a11345e-41c9-4ca6-abfb-411bcbd422ef&#8220; locked=&#8220;off&#8220; global_colors_info=&#8220;{}&#8220;]<\/p>\n<p><span>Qualitativ hochwertige Arbeit ist ein wesentlicher Bestandteil eines exzellenten Dienstleistungsunternehmens. Es strebt nach Exzellenz und setzt auf professionelle Standards, um herausragende Ergebnisse zu erzielen.<\/span><\/p>\n<p>[\/et_pb_text][et_pb_text _builder_version=&#8220;4.21.0&#8243; _module_preset=&#8220;4e62bfb4-ec2b-4914-ae18-019e574e2452&#8243; custom_margin=&#8220;||0px||false|false&#8220; global_colors_info=&#8220;{}&#8220;]<\/p>\n<h4><span>Vertrauensw\u00fcrdigkeit<\/span><\/h4>\n<p>[\/et_pb_text][et_pb_text _builder_version=&#8220;4.21.0&#8243; _module_preset=&#8220;6a11345e-41c9-4ca6-abfb-411bcbd422ef&#8220; global_colors_info=&#8220;{}&#8220;]<\/p>\n<p><span> Ein vertrauensw\u00fcrdiges Unternehmen gewinnt das Vertrauen seiner Kunden durch Ehrlichkeit, Transparenz und Integrit\u00e4t. Es geht verantwortungsvoll mit den anvertrauten Aufgaben und Informationen um.<\/span><\/p>\n<p>[\/et_pb_text][\/et_pb_column][et_pb_column type=&#8220;1_3&#8243; _builder_version=&#8220;4.19.0&#8243; _module_preset=&#8220;default&#8220; global_colors_info=&#8220;{}&#8220;][et_pb_text _builder_version=&#8220;4.21.0&#8243; _module_preset=&#8220;4e62bfb4-ec2b-4914-ae18-019e574e2452&#8243; custom_margin=&#8220;||0px||false|false&#8220; global_colors_info=&#8220;{}&#8220;]<\/p>\n<h4><span>Flexibilit\u00e4t<\/span><\/h4>\n<p>[\/et_pb_text][et_pb_text _builder_version=&#8220;4.21.0&#8243; _module_preset=&#8220;6a11345e-41c9-4ca6-abfb-411bcbd422ef&#8220; global_colors_info=&#8220;{}&#8220;]<\/p>\n<p><span>Ein herausragendes Unternehmen ist flexibel und kann sich an die sich \u00e4ndernden Anforderungen und Bed\u00fcrfnisse seiner Kunden anpassen. Es bietet eine Vielzahl von Services an und ist in der Lage, individuelle Kundenw\u00fcnsche zu erf\u00fcllen.<\/span><\/p>\n<p>[\/et_pb_text][et_pb_text _builder_version=&#8220;4.21.0&#8243; _module_preset=&#8220;4e62bfb4-ec2b-4914-ae18-019e574e2452&#8243; custom_margin=&#8220;||0px||false|false&#8220; global_colors_info=&#8220;{}&#8220;]<\/p>\n<h4><span>Zuverl\u00e4ssigkeit<\/span><\/h4>\n<p>[\/et_pb_text][et_pb_text _builder_version=&#8220;4.21.0&#8243; _module_preset=&#8220;6a11345e-41c9-4ca6-abfb-411bcbd422ef&#8220; locked=&#8220;off&#8220; global_colors_info=&#8220;{}&#8220;]<\/p>\n<p><span>Verl\u00e4sslichkeit ist entscheidend, wenn es um Dienstleistungen geht. Ein erstklassiges Unternehmen h\u00e4lt seine Versprechen, ist p\u00fcnktlich, erreichbar und erf\u00fcllt die Erwartungen der Kunden.<\/span><span><\/span><\/p>\n<p>[\/et_pb_text][et_pb_text _builder_version=&#8220;4.21.0&#8243; _module_preset=&#8220;4e62bfb4-ec2b-4914-ae18-019e574e2452&#8243; custom_margin=&#8220;||0px||false|false&#8220; global_colors_info=&#8220;{}&#8220;]<\/p>\n<h4><span>Kundenorientierung<\/span><\/h4>\n<p>[\/et_pb_text][et_pb_text _builder_version=&#8220;4.21.0&#8243; _module_preset=&#8220;6a11345e-41c9-4ca6-abfb-411bcbd422ef&#8220; locked=&#8220;off&#8220; global_colors_info=&#8220;{}&#8220;]<\/p>\n<p><span>Ein kundenorientiertes Unternehmen hat stets die Bed\u00fcrfnisse seiner Kunden im Blick. Es legt Wert auf eine offene Kommunikation, geht auf individuelle Anforderungen ein und bietet ma\u00dfgeschneiderte L\u00f6sungen an.<\/span><\/p>\n<p>[\/et_pb_text][\/et_pb_column][\/et_pb_row][\/et_pb_section]<\/p>\n","protected":false},"excerpt":{"rendered":"<p>\u00dcber uns&#8220;Willkommen bei unserem Dienstleistungsunternehmen auf der wundersch\u00f6nen Ferieninsel Usedom! Seit vielen Jahren bieten wir unseren Kunden eine breite Palette von Services, um Ihren Aufenthalt hier noch angenehmer und sorgenfreier zu gestalten.Wir sind ein junges Dienstleistungsunternehmen mit Sitz auf der Ostseeinsel Usedom. F\u00fcr unsere Kunden sind wir in Notf\u00e4llen 24 Stunden am Tag, 365 Tage [&hellip;]<\/p>\n","protected":false},"author":1,"featured_media":0,"parent":0,"menu_order":3,"comment_status":"closed","ping_status":"closed","template":"","meta":{"_et_pb_use_builder":"on","_et_pb_old_content":"<!-- wp:divi\/placeholder \/-->","_et_gb_content_width":"","footnotes":""},"class_list":["post-24","page","type-page","status-publish","hentry"],"_links":{"self":[{"href":"https:\/\/www.dienstleistungen-usedom.de\/de\/wp-json\/wp\/v2\/pages\/24","targetHints":{"allow":["GET"]}}],"collection":[{"href":"https:\/\/www.dienstleistungen-usedom.de\/de\/wp-json\/wp\/v2\/pages"}],"about":[{"href":"https:\/\/www.dienstleistungen-usedom.de\/de\/wp-json\/wp\/v2\/types\/page"}],"author":[{"embeddable":true,"href":"https:\/\/www.dienstleistungen-usedom.de\/de\/wp-json\/wp\/v2\/users\/1"}],"replies":[{"embeddable":true,"href":"https:\/\/www.dienstleistungen-usedom.de\/de\/wp-json\/wp\/v2\/comments?post=24"}],"version-history":[{"count":7,"href":"https:\/\/www.dienstleistungen-usedom.de\/de\/wp-json\/wp\/v2\/pages\/24\/revisions"}],"predecessor-version":[{"id":237,"href":"https:\/\/www.dienstleistungen-usedom.de\/de\/wp-json\/wp\/v2\/pages\/24\/revisions\/237"}],"wp:attachment":[{"href":"https:\/\/www.dienstleistungen-usedom.de\/de\/wp-json\/wp\/v2\/media?parent=24"}],"curies":[{"name":"wp","href":"https:\/\/api.w.org\/{rel}","templated":true}]}}