{"id":26,"date":"2023-06-12T19:49:20","date_gmt":"2023-06-12T17:49:20","guid":{"rendered":"https:\/\/www.dienstleistungen-usedom.de\/de\/?page_id=26"},"modified":"2023-11-18T16:06:52","modified_gmt":"2023-11-18T15:06:52","slug":"referenzen","status":"publish","type":"page","link":"https:\/\/www.dienstleistungen-usedom.de\/de\/referenzen\/","title":{"rendered":"Referenzen"},"content":{"rendered":"<p>[et_pb_section fb_built=&#8220;1&#8243; admin_label=&#8220;Header&#8220; _builder_version=&#8220;4.21.0&#8243; _module_preset=&#8220;default&#8220; background_color=&#8220;#E02B20&#8243; background_enable_pattern_style=&#8220;on&#8220; background_pattern_style=&#8220;cubes&#8220; custom_padding=&#8220;||180px||false|false&#8220; locked=&#8220;off&#8220; collapsed=&#8220;on&#8220; global_colors_info=&#8220;{}&#8220;][et_pb_row _builder_version=&#8220;4.19.0&#8243; _module_preset=&#8220;default&#8220; global_colors_info=&#8220;{}&#8220;][et_pb_column type=&#8220;4_4&#8243; _builder_version=&#8220;4.19.0&#8243; _module_preset=&#8220;default&#8220; global_colors_info=&#8220;{}&#8220;][et_pb_text _builder_version=&#8220;4.19.2&#8243; _module_preset=&#8220;1e54e760-0256-4ddc-bfcf-4b98f54e1470&#8243; header_text_color=&#8220;#FFFFFF&#8220; global_colors_info=&#8220;{}&#8220;]<\/p>\n<h1>Referenzen<\/h1>\n<p>[\/et_pb_text][et_pb_button button_text=&#8220;Kontakt aufnehmen&#8220; _builder_version=&#8220;4.21.0&#8243; _module_preset=&#8220;501e9ff3-3b64-49d7-b34b-c035ab286ccd&#8220; button_bg_color=&#8220;#FF6A00&#8243; global_colors_info=&#8220;{}&#8220;][\/et_pb_button][et_pb_text _builder_version=&#8220;4.21.0&#8243; _module_preset=&#8220;2ab53fe6-63c2-4ee0-8f6d-1e42f4114280&#8243; header_2_text_color=&#8220;#FFFFFF&#8220; locked=&#8220;off&#8220; global_colors_info=&#8220;{}&#8220;]<\/p>\n<h2>0171-124 70 67<\/h2>\n<p>[\/et_pb_text][\/et_pb_column][\/et_pb_row][\/et_pb_section][et_pb_section fb_built=&#8220;1&#8243; admin_label=&#8220;Features&#8220; _builder_version=&#8220;4.19.0&#8243; _module_preset=&#8220;default&#8220; collapsed=&#8220;on&#8220; global_colors_info=&#8220;{}&#8220;][et_pb_row _builder_version=&#8220;4.19.0&#8243; _module_preset=&#8220;default&#8220; custom_margin=&#8220;-240px||||false|false&#8220; global_colors_info=&#8220;{}&#8220;][et_pb_column type=&#8220;4_4&#8243; _builder_version=&#8220;4.19.0&#8243; _module_preset=&#8220;default&#8220; global_colors_info=&#8220;{}&#8220;][et_pb_image src=&#8220;https:\/\/www.dienstleistungen-usedom.de\/de\/wp-content\/uploads\/2023\/11\/Villa_1280x600.png&#8220; alt=&#8220;Villa auf Usedom&#8220; title_text=&#8220;Villa_1280x600&#8243; _builder_version=&#8220;4.23.1&#8243; _module_preset=&#8220;default&#8220; global_colors_info=&#8220;{}&#8220;][\/et_pb_image][\/et_pb_column][\/et_pb_row][et_pb_row column_structure=&#8220;2_3,1_3&#8243; make_equal=&#8220;on&#8220; _builder_version=&#8220;4.21.0&#8243; _module_preset=&#8220;default&#8220; custom_margin=&#8220;||-10vw||false|false&#8220; locked=&#8220;off&#8220; global_colors_info=&#8220;{}&#8220;][et_pb_column type=&#8220;2_3&#8243; _builder_version=&#8220;4.21.0&#8243; _module_preset=&#8220;default&#8220; background_color=&#8220;#FF6A00&#8243; vertical_offset=&#8220;-10vw&#8220; vertical_offset_tablet=&#8220;0vw&#8220; vertical_offset_phone=&#8220;0vw&#8220; vertical_offset_last_edited=&#8220;on|tablet&#8220; custom_padding=&#8220;80px|80px|80px|80px|true|true&#8220; custom_padding_tablet=&#8220;30px|30px|30px|30px|true|true&#8220; custom_padding_phone=&#8220;20px|20px|20px|20px|true|true&#8220; custom_padding_last_edited=&#8220;on|desktop&#8220; global_colors_info=&#8220;{}&#8220;][et_pb_text _builder_version=&#8220;4.21.0&#8243; _module_preset=&#8220;f811eb51-90f9-4303-a455-4c9314c8037f&#8220; header_3_text_color=&#8220;#FFFFFF&#8220; global_colors_info=&#8220;{%22gcid-659fca2f-0709-4037-9182-ae7c240c83e4%22:%91%22header_3_text_color%22%93}&#8220;]<\/p>\n<h3>Unsere Sicht<\/h3>\n<p>[\/et_pb_text][et_pb_text _builder_version=&#8220;4.21.0&#8243; _module_preset=&#8220;933ed37a-5a36-48ee-a6fa-86094b44935e&#8220; text_text_color=&#8220;#FFFFFF&#8220; global_colors_info=&#8220;{}&#8220;]<\/p>\n<p><span>Wir haben es uns zu Ziel gemacht, in jeder Situation f\u00fcr Sie da zu sein, jederzeit ansprechbar zu sein, Ihnen mit unserem Know-how zur Seite zu stehen und Ihnen alle anfallenden Arbeiten abzunehmen.<\/span><\/p>\n<p>[\/et_pb_text][\/et_pb_column][et_pb_column type=&#8220;1_3&#8243; _builder_version=&#8220;4.19.0&#8243; _module_preset=&#8220;default&#8220; use_background_color_gradient=&#8220;on&#8220; background_color_gradient_direction=&#8220;90deg&#8220; background_color_gradient_stops=&#8220;rgba(255,255,255,0) 0%|rgba(255,255,255,0.5) 30%&#8220; custom_padding=&#8220;20px||20px|8%|true|false&#8220; custom_padding_tablet=&#8220;|||0%|false|false&#8220; custom_padding_phone=&#8220;|||0%|false|false&#8220; custom_padding_last_edited=&#8220;on|tablet&#8220; global_colors_info=&#8220;{}&#8220;][\/et_pb_column][\/et_pb_row][\/et_pb_section][et_pb_section fb_built=&#8220;1&#8243; admin_label=&#8220;Service&#8220; _builder_version=&#8220;4.19.0&#8243; _module_preset=&#8220;default&#8220; collapsed=&#8220;on&#8220; global_colors_info=&#8220;{}&#8220;][et_pb_row column_structure=&#8220;3_5,2_5&#8243; _builder_version=&#8220;4.19.2&#8243; _module_preset=&#8220;default&#8220; global_colors_info=&#8220;{}&#8220;][et_pb_column type=&#8220;3_5&#8243; _builder_version=&#8220;4.19.0&#8243; _module_preset=&#8220;default&#8220; global_colors_info=&#8220;{}&#8220;][et_pb_text _builder_version=&#8220;4.21.0&#8243; _module_preset=&#8220;2ab53fe6-63c2-4ee0-8f6d-1e42f4114280&#8243; global_colors_info=&#8220;{}&#8220;]<\/p>\n<h2>Service im Detail<\/h2>\n<p>[\/et_pb_text][et_pb_text _builder_version=&#8220;4.21.0&#8243; _module_preset=&#8220;933ed37a-5a36-48ee-a6fa-86094b44935e&#8220; global_colors_info=&#8220;{}&#8220;]<\/p>\n<p><span>Unsere Kunden legen gro\u00dfen Wert auf ein ansprechendes Erscheinungsbild ihrer Immobilie. Deshalb sehen wir es als unsere Aufgabe, Ihre Immobilie zu pflegen und instand zu halten um somit zur Werterhaltung beizutragen.<\/span><\/p>\n<p>[\/et_pb_text][et_pb_blurb title=&#8220;Ferienwohnanlage eines Berliner Eigent\u00fcmers&#8220; use_icon=&#8220;on&#8220; font_icon=&#8220;&#xe052;||divi||400&#8243; icon_color=&#8220;#FF6A00&#8243; _builder_version=&#8220;4.21.0&#8243; _module_preset=&#8220;05231ff5-df75-46ea-b3f1-22afc9ffb567&#8243; locked=&#8220;off&#8220; global_colors_info=&#8220;{}&#8220;]<\/p>\n<p><span>mit einer Grundst\u00fccksfl\u00e4che von 2000 qm. Die gesamte Verwaltung der Anlage mit insgesamt zehn Ferienwohnungen wird durch unser Team ausgef\u00fchrt. Hierzu z\u00e4hlt neben der Instandhaltung auch die Vermietung sowie die Betreuung der G\u00e4ste.<\/span><\/p>\n<p>[\/et_pb_blurb][et_pb_blurb title=&#8220;Eigent\u00fcmer mit kleineren Anlagen&#8220; use_icon=&#8220;on&#8220; font_icon=&#8220;&#xe052;||divi||400&#8243; icon_color=&#8220;#FF6A00&#8243; _builder_version=&#8220;4.21.0&#8243; _module_preset=&#8220;05231ff5-df75-46ea-b3f1-22afc9ffb567&#8243; locked=&#8220;off&#8220; global_colors_info=&#8220;{}&#8220;]<\/p>\n<p><span>Mit zwei oder drei Wohnungen. Auch hier \u00fcbernehmen wir f\u00fcr unsere Kunden die gesamte Vermietungsplanung, die Betreuung der an- und abreisenden G\u00e4ste sowie die Reinigung und Instandhaltung von Innen- und Au\u00dfenanlagen.<\/span><\/p>\n<p>[\/et_pb_blurb][\/et_pb_column][et_pb_column type=&#8220;2_5&#8243; _builder_version=&#8220;4.19.0&#8243; _module_preset=&#8220;default&#8220; global_colors_info=&#8220;{}&#8220;][\/et_pb_column][\/et_pb_row][\/et_pb_section][et_pb_section fb_built=&#8220;1&#8243; admin_label=&#8220;Testimonials&#8220; _builder_version=&#8220;4.23.1&#8243; _module_preset=&#8220;default&#8220; hover_enabled=&#8220;0&#8243; collapsed=&#8220;on&#8220; global_colors_info=&#8220;{}&#8220; disabled_on=&#8220;on|on|on&#8220; disabled=&#8220;on&#8220; sticky_enabled=&#8220;0&#8243;][et_pb_row _builder_version=&#8220;4.19.0&#8243; _module_preset=&#8220;default&#8220; locked=&#8220;off&#8220; global_colors_info=&#8220;{}&#8220;][et_pb_column type=&#8220;4_4&#8243; _builder_version=&#8220;4.19.0&#8243; _module_preset=&#8220;default&#8220; custom_padding=&#8220;40px|40px|40px|40px|true|true&#8220; custom_padding_tablet=&#8220;30px|30px|30px|30px|true|true&#8220; custom_padding_phone=&#8220;20px|20px|20px|20px|true|true&#8220; custom_padding_last_edited=&#8220;on|tablet&#8220; border_width_all=&#8220;1px&#8220; border_color_all=&#8220;#E6E6E6&#8243; global_colors_info=&#8220;{}&#8220;][et_pb_icon font_icon=&#8220;&#xf10d;||fa||900&#8243; icon_color=&#8220;#FF6A00&#8243; icon_width=&#8220;60px&#8220; align=&#8220;left&#8220; _builder_version=&#8220;4.21.0&#8243; _module_preset=&#8220;default&#8220; global_colors_info=&#8220;{}&#8220;][\/et_pb_icon][et_pb_slider _builder_version=&#8220;4.21.0&#8243; _module_preset=&#8220;017036a4-72f0-4049-b4c6-ad5c318af719&#8243; button_bg_color=&#8220;gcid-ba664267-6f92-4ac5-a88f-855d6fa318fd&#8220; custom_margin=&#8220;|-60px||-60px|false|true&#8220; custom_margin_tablet=&#8220;|-30px||-30px|false|true&#8220; custom_margin_phone=&#8220;|-20px||-20px|false|true&#8220; custom_margin_last_edited=&#8220;on|tablet&#8220; custom_padding_tablet=&#8220;||16vw||false|true&#8220; custom_padding_phone=&#8220;||24vw||false|true&#8220; custom_padding_last_edited=&#8220;on|phone&#8220; global_colors_info=&#8220;{%22gcid-ba664267-6f92-4ac5-a88f-855d6fa318fd%22:%91%22button_bg_color%22%93}&#8220;][et_pb_slide heading=&#8220;%22Lorem ipsum dolor sit amet, consectetur adipiscing elit. Donec sed finibus nisi, sed dictum eros. Quisque aliquet velit sit amet sem interdum faucibus. In feugiat aliquet mollis. Etiam tincidunt ligula ut hendrerit semper. Quisque luctus lectus non turpis bibendum posuere. Morbi tortor nibh.%22&#8243; _builder_version=&#8220;4.21.0&#8243; _module_preset=&#8220;default&#8220; header_text_color=&#8220;#2C2C2C&#8220; header_font_size=&#8220;24px&#8220; header_line_height=&#8220;1.8em&#8220; header_font_size_tablet=&#8220;16px&#8220; header_font_size_phone=&#8220;15px&#8220; header_font_size_last_edited=&#8220;on|phone&#8220; global_colors_info=&#8220;{}&#8220; sticky_transition=&#8220;on&#8220;]<\/p>\n<p>&#8211; Falko Binder (CEO &#8211; TBC Group)<\/p>\n<p>[\/et_pb_slide][et_pb_slide heading=&#8220;%22Quisque aliquet velit sit amet sem interdum faucibus. In feugiat aliquet mollis etiam tincidunt ligula. In non pulvinar purus. Curabitur nisi odio, blandit et elit at, suscipit pharetra efficitur elit.%22&#8243; _builder_version=&#8220;4.21.0&#8243; _module_preset=&#8220;default&#8220; header_text_color=&#8220;#2C2C2C&#8220; header_font_size=&#8220;24px&#8220; header_line_height=&#8220;1.8em&#8220; header_font_size_tablet=&#8220;16px&#8220; header_font_size_phone=&#8220;15px&#8220; header_font_size_last_edited=&#8220;on|phone&#8220; global_colors_info=&#8220;{}&#8220; sticky_transition=&#8220;on&#8220;]<\/p>\n<p>&#8211; Steven Bienek (Direct Communications Designer, Create Better)<\/p>\n<p>[\/et_pb_slide][et_pb_slide heading=&#8220;%22In non pulvinar purus. Curabitur nisi odio, blandit et elit at, suscipit pharetra efficitur elit. Quis blandit erat. Donec laoreet libero non metus volutpat consequat in vel metus. Sed non augue id felis pellentesque.%22&#8243; _builder_version=&#8220;4.21.0&#8243; _module_preset=&#8220;default&#8220; header_text_color=&#8220;#2C2C2C&#8220; header_font_size=&#8220;24px&#8220; header_line_height=&#8220;1.8em&#8220; header_font_size_tablet=&#8220;16px&#8220; header_font_size_phone=&#8220;15px&#8220; header_font_size_last_edited=&#8220;on|phone&#8220; global_colors_info=&#8220;{}&#8220; sticky_transition=&#8220;on&#8220;]<\/p>\n<p>&#8211; Nina Turtles (Product Solutions Liason, Pen Family)<\/p>\n<p>[\/et_pb_slide][\/et_pb_slider][\/et_pb_column][\/et_pb_row][\/et_pb_section]<\/p>\n","protected":false},"excerpt":{"rendered":"<p>Referenzen0171-124 70 67Unsere SichtWir haben es uns zu Ziel gemacht, in jeder Situation f\u00fcr Sie da zu sein, jederzeit ansprechbar zu sein, Ihnen mit unserem Know-how zur Seite zu stehen und Ihnen alle anfallenden Arbeiten abzunehmen.Service im DetailUnsere Kunden legen gro\u00dfen Wert auf ein ansprechendes Erscheinungsbild ihrer Immobilie. Deshalb sehen wir es als unsere Aufgabe, [&hellip;]<\/p>\n","protected":false},"author":1,"featured_media":0,"parent":0,"menu_order":4,"comment_status":"closed","ping_status":"closed","template":"","meta":{"_et_pb_use_builder":"on","_et_pb_old_content":"<!-- wp:divi\/placeholder \/-->","_et_gb_content_width":"","footnotes":""},"class_list":["post-26","page","type-page","status-publish","hentry"],"_links":{"self":[{"href":"https:\/\/www.dienstleistungen-usedom.de\/de\/wp-json\/wp\/v2\/pages\/26","targetHints":{"allow":["GET"]}}],"collection":[{"href":"https:\/\/www.dienstleistungen-usedom.de\/de\/wp-json\/wp\/v2\/pages"}],"about":[{"href":"https:\/\/www.dienstleistungen-usedom.de\/de\/wp-json\/wp\/v2\/types\/page"}],"author":[{"embeddable":true,"href":"https:\/\/www.dienstleistungen-usedom.de\/de\/wp-json\/wp\/v2\/users\/1"}],"replies":[{"embeddable":true,"href":"https:\/\/www.dienstleistungen-usedom.de\/de\/wp-json\/wp\/v2\/comments?post=26"}],"version-history":[{"count":7,"href":"https:\/\/www.dienstleistungen-usedom.de\/de\/wp-json\/wp\/v2\/pages\/26\/revisions"}],"predecessor-version":[{"id":253,"href":"https:\/\/www.dienstleistungen-usedom.de\/de\/wp-json\/wp\/v2\/pages\/26\/revisions\/253"}],"wp:attachment":[{"href":"https:\/\/www.dienstleistungen-usedom.de\/de\/wp-json\/wp\/v2\/media?parent=26"}],"curies":[{"name":"wp","href":"https:\/\/api.w.org\/{rel}","templated":true}]}}