{"id":32,"date":"2023-06-12T19:50:41","date_gmt":"2023-06-12T17:50:41","guid":{"rendered":"https:\/\/www.dienstleistungen-usedom.de\/de\/?page_id=32"},"modified":"2023-11-11T15:05:13","modified_gmt":"2023-11-11T14:05:13","slug":"impressum","status":"publish","type":"page","link":"https:\/\/www.dienstleistungen-usedom.de\/de\/impressum\/","title":{"rendered":"Impressum"},"content":{"rendered":"<p>[et_pb_section fb_built=&#8220;1&#8243; admin_label=&#8220;Header&#8220; _builder_version=&#8220;4.21.0&#8243; _module_preset=&#8220;default&#8220; background_color=&#8220;#E02B20&#8243; background_enable_pattern_style=&#8220;on&#8220; background_pattern_style=&#8220;cubes&#8220; custom_padding=&#8220;||180px||false|false&#8220; locked=&#8220;off&#8220; collapsed=&#8220;on&#8220; global_colors_info=&#8220;{}&#8220;][et_pb_row _builder_version=&#8220;4.19.0&#8243; _module_preset=&#8220;default&#8220; global_colors_info=&#8220;{}&#8220;][et_pb_column type=&#8220;4_4&#8243; _builder_version=&#8220;4.19.0&#8243; _module_preset=&#8220;default&#8220; global_colors_info=&#8220;{}&#8220;][et_pb_text _builder_version=&#8220;4.19.2&#8243; _module_preset=&#8220;328bc5f0-a448-44fe-9a3a-0cfa6f403088&#8243; header_text_color=&#8220;#FFFFFF&#8220; global_colors_info=&#8220;{}&#8220;]<\/p>\n<h1>Impressum<\/h1>\n<p>[\/et_pb_text][\/et_pb_column][\/et_pb_row][\/et_pb_section][et_pb_section fb_built=&#8220;1&#8243; admin_label=&#8220;Features&#8220; _builder_version=&#8220;4.19.0&#8243; _module_preset=&#8220;default&#8220; collapsed=&#8220;on&#8220; global_colors_info=&#8220;{}&#8220;][et_pb_row _builder_version=&#8220;4.19.0&#8243; _module_preset=&#8220;default&#8220; custom_margin=&#8220;-240px||||false|false&#8220; global_colors_info=&#8220;{}&#8220;][et_pb_column type=&#8220;4_4&#8243; _builder_version=&#8220;4.19.0&#8243; _module_preset=&#8220;default&#8220; global_colors_info=&#8220;{}&#8220;][et_pb_image src=&#8220;https:\/\/www.dienstleistungen-usedom.de\/de\/wp-content\/uploads\/2023\/11\/Villa_1280x600.png&#8220; title_text=&#8220;Villa_1280x600&#8243; _builder_version=&#8220;4.23.1&#8243; _module_preset=&#8220;default&#8220; hover_enabled=&#8220;0&#8243; global_colors_info=&#8220;{}&#8220; alt=&#8220;Villa auf Usedom&#8220; sticky_enabled=&#8220;0&#8243;][\/et_pb_image][\/et_pb_column][\/et_pb_row][et_pb_row column_structure=&#8220;2_3,1_3&#8243; make_equal=&#8220;on&#8220; _builder_version=&#8220;4.21.0&#8243; _module_preset=&#8220;default&#8220; custom_margin=&#8220;||-10vw||false|false&#8220; locked=&#8220;off&#8220; global_colors_info=&#8220;{}&#8220;][et_pb_column type=&#8220;2_3&#8243; _builder_version=&#8220;4.21.0&#8243; _module_preset=&#8220;default&#8220; background_color=&#8220;#FF6A00&#8243; vertical_offset=&#8220;-10vw&#8220; vertical_offset_tablet=&#8220;0vw&#8220; vertical_offset_phone=&#8220;0vw&#8220; vertical_offset_last_edited=&#8220;on|tablet&#8220; custom_padding=&#8220;80px|80px|80px|80px|true|true&#8220; custom_padding_tablet=&#8220;30px|30px|30px|30px|true|true&#8220; custom_padding_phone=&#8220;20px|20px|20px|20px|true|true&#8220; custom_padding_last_edited=&#8220;on|desktop&#8220; global_colors_info=&#8220;{}&#8220;][et_pb_text _builder_version=&#8220;4.21.0&#8243; _module_preset=&#8220;bda78f9c-b9a6-4c29-9cf4-5170876964b3&#8243; header_3_text_color=&#8220;#FFFFFF&#8220; global_colors_info=&#8220;{%22gcid-659fca2f-0709-4037-9182-ae7c240c83e4%22:%91%22header_3_text_color%22%93}&#8220;]<\/p>\n<h3><span>Willkommen auf unserer Impressumseite!<\/span><\/h3>\n<p>[\/et_pb_text][et_pb_text _builder_version=&#8220;4.21.0&#8243; _module_preset=&#8220;d40a6ea4-ac10-4c17-8c03-c5a63ee219f8&#8243; text_text_color=&#8220;#FFFFFF&#8220; global_colors_info=&#8220;{}&#8220;]<\/p>\n<p><span>Hier finden Sie alle relevanten Informationen \u00fcber unser Unternehmen. Als verantwortungsbewusstes Dienstleistungsunternehmen ist es uns wichtig, Ihnen alle erforderlichen Angaben transparent zur Verf\u00fcgung zu stellen. Erfahren Sie mehr \u00fcber unsere rechtlichen Informationen, Kontaktdaten und den verantwortlichen Ansprechpartner. Bei Fragen oder Anliegen stehen wir Ihnen gerne zur Verf\u00fcgung. Vielen Dank f\u00fcr Ihr Interesse an unserem Unternehmen!<\/span><\/p>\n<p>[\/et_pb_text][\/et_pb_column][et_pb_column type=&#8220;1_3&#8243; _builder_version=&#8220;4.19.0&#8243; _module_preset=&#8220;default&#8220; use_background_color_gradient=&#8220;on&#8220; background_color_gradient_direction=&#8220;90deg&#8220; background_color_gradient_stops=&#8220;rgba(255,255,255,0) 0%|rgba(255,255,255,0.5) 30%&#8220; custom_padding=&#8220;20px||20px|8%|true|false&#8220; custom_padding_tablet=&#8220;|||0%|false|false&#8220; custom_padding_phone=&#8220;|||0%|false|false&#8220; custom_padding_last_edited=&#8220;on|tablet&#8220; global_colors_info=&#8220;{}&#8220;][\/et_pb_column][\/et_pb_row][\/et_pb_section][et_pb_section fb_built=&#8220;1&#8243; admin_label=&#8220;Service&#8220; _builder_version=&#8220;4.19.0&#8243; _module_preset=&#8220;default&#8220; collapsed=&#8220;on&#8220; global_colors_info=&#8220;{}&#8220;][et_pb_row column_structure=&#8220;3_5,2_5&#8243; _builder_version=&#8220;4.19.2&#8243; _module_preset=&#8220;default&#8220; global_colors_info=&#8220;{}&#8220;][et_pb_column type=&#8220;3_5&#8243; _builder_version=&#8220;4.19.0&#8243; _module_preset=&#8220;default&#8220; global_colors_info=&#8220;{}&#8220;][et_pb_text _builder_version=&#8220;4.21.0&#8243; _module_preset=&#8220;d40a6ea4-ac10-4c17-8c03-c5a63ee219f8&#8243; global_colors_info=&#8220;{}&#8220;] <b>Angaben gem\u00e4\u00df \u00a7 5 TMG:<\/b><br \/>\n                <b>Ihr Service Dienstleister<\/b><\/p>\n<p>                Hauptstra\u00dfe 39<br \/>\n                17419 Zirchow<\/p>\n<p>                <b>Kontakt:<\/b><br \/>\n                Telefon: 0171 124 70 67<br \/>\n                E-Mail: <a href=\"info@usedom-ferienwohnungen24.de\">info@usedom-ferienwohnungen24.de<\/a><\/p>\n<p>                <b>Umsatzsteuer:<\/b><br \/>\n                Umsatzsteuer-Identifikationsnummer gem\u00e4\u00df \u00a727 a Umsatzsteuergesetz: DE<\/p>\n<p>                <!-- <b>Angaben zur Berufshaftpflichtversicherung<\/b><br \/>\n                Name und Sitz des Versicherers:<br \/>\n                AXA Versicherung AG<br \/>\n                Colonia-Allee 10-20<br \/>\n                51067 K\u00f6ln\n\n\n                Geltungsraum der Versicherung: Deut$schland\n\n --><br \/>\n                <b>Verantwortlich f\u00fcr den Inhalt nach \u00a7 55 Abs. 2 RStV:<\/b><br \/>\n                Denise J\u00fcrries<br \/>\n                Hauptstra\u00dfe 39<br \/>\n                17419 Zirchow<\/p>\n<p>                <b>Streitschlichtung<\/b><br \/>\n                Die Europ\u00e4ische Kommission stellt eine Plattform zur Online-Streitbeilegung (OS) bereit: https:\/\/ec.europa.eu\/consumers\/odr.<br \/>\n                Unsere E-Mail-Adresse finden Sie oben im Impressum.<br \/>\n                Wir sind nicht bereit oder verpflichtet, an Streitbeilegungsverfahren vor einer Verbraucherschlichtungsstelle teilzunehmen.<\/p>\n<p>                <b>Haftung f\u00fcr Inhalte<\/b><br \/>\n                Als Diensteanbieter sind wir gem\u00e4\u00df \u00a7 7 Abs.1 TMG f\u00fcr eigene Inhalte auf diesen Seiten nach den allgemeinen Gesetzen verantwortlich. Nach \u00a7\u00a7 8 bis 10 TMG sind wir als Diensteanbieter jedoch nicht verpflichtet, \u00fcbermittelte oder gespeicherte fremde Informationen zu \u00fcberwachen oder nach Umst\u00e4nden zu forschen, die auf eine rechtswidrige T\u00e4tigkeit hinweisen.<br \/>\n                Verpflichtungen zur Entfernung oder Sperrung der Nutzung von Informationen nach den allgemeinen Gesetzen bleiben hiervon unber\u00fchrt. Eine diesbez\u00fcgliche Haftung ist jedoch erst ab dem Zeitpunkt der Kenntnis einer konkreten Rechtsverletzung m\u00f6glich. Bei Bekanntwerden von entsprechenden Rechtsverletzungen werden wir diese Inhalte umgehend entfernen.<\/p>\n<p>                <b>Haftung f\u00fcr Links<\/b><br \/>\n                Unser Angebot enth\u00e4lt Links zu externen Websites Dritter, auf deren Inhalte wir keinen Einfluss haben. Deshalb k\u00f6nnen wir f\u00fcr diese fremden Inhalte auch keine Gew\u00e4hr \u00fcbernehmen. F\u00fcr die Inhalte der verlinkten Seiten ist stets der jeweilige Anbieter oder Betreiber der Seiten verantwortlich. Die verlinkten Seiten wurden zum Zeitpunkt der Verlinkung auf m\u00f6gliche Rechtsverst\u00f6\u00dfe \u00fcberpr\u00fcft. Rechtswidrige Inhalte waren zum Zeitpunkt der Verlinkung nicht erkennbar.<br \/>\n                Eine permanente inhaltliche Kontrolle der verlinkten Seiten ist jedoch ohne konkrete Anhaltspunkte einer Rechtsverletzung nicht zumutbar. Bei Bekanntwerden von Rechtsverletzungen werden wir derartige Links umgehend entfernen.<\/p>\n<p>                <b>Urheberrecht<\/b><br \/>\n                Die durch die Seitenbetreiber erstellten Inhalte und Werke auf diesen Seiten unterliegen dem deutschen Urheberrecht. Die Vervielf\u00e4ltigung, Bearbeitung, Verbreitung und jede Art der Verwertung au\u00dferhalb der Grenzen des Urheberrechtes bed\u00fcrfen der schriftlichen Zustimmung des jeweiligen Autors bzw. Erstellers. Downloads und Kopien dieser Seite sind nur f\u00fcr den privaten, nicht kommerziellen Gebrauch gestattet.<br \/>\n                Soweit die Inhalte auf dieser Seite nicht vom Betreiber erstellt wurden, werden die Urheberrechte Dritter beachtet. Insbesondere werden Inhalte Dritter als solche gekennzeichnet. Sollten Sie trotzdem auf eine Urheberrechtsverletzung aufmerksam werden, bitten wir um einen entsprechenden Hinweis. Bei Bekanntwerden von Rechtsverletzungen werden wir derartige Inhalte umgehend entfernen.[\/et_pb_text][\/et_pb_column][et_pb_column type=&#8220;2_5&#8243; _builder_version=&#8220;4.19.0&#8243; _module_preset=&#8220;default&#8220; global_colors_info=&#8220;{}&#8220;][\/et_pb_column][\/et_pb_row][\/et_pb_section]<\/p>\n","protected":false},"excerpt":{"rendered":"<p>ImpressumWillkommen auf unserer Impressumseite!Hier finden Sie alle relevanten Informationen \u00fcber unser Unternehmen. Als verantwortungsbewusstes Dienstleistungsunternehmen ist es uns wichtig, Ihnen alle erforderlichen Angaben transparent zur Verf\u00fcgung zu stellen. Erfahren Sie mehr \u00fcber unsere rechtlichen Informationen, Kontaktdaten und den verantwortlichen Ansprechpartner. Bei Fragen oder Anliegen stehen wir Ihnen gerne zur Verf\u00fcgung. Vielen Dank f\u00fcr Ihr Interesse [&hellip;]<\/p>\n","protected":false},"author":1,"featured_media":0,"parent":0,"menu_order":8,"comment_status":"closed","ping_status":"closed","template":"","meta":{"_et_pb_use_builder":"on","_et_pb_old_content":"<!-- wp:divi\/placeholder \/-->","_et_gb_content_width":"","footnotes":""},"class_list":["post-32","page","type-page","status-publish","hentry"],"_links":{"self":[{"href":"https:\/\/www.dienstleistungen-usedom.de\/de\/wp-json\/wp\/v2\/pages\/32","targetHints":{"allow":["GET"]}}],"collection":[{"href":"https:\/\/www.dienstleistungen-usedom.de\/de\/wp-json\/wp\/v2\/pages"}],"about":[{"href":"https:\/\/www.dienstleistungen-usedom.de\/de\/wp-json\/wp\/v2\/types\/page"}],"author":[{"embeddable":true,"href":"https:\/\/www.dienstleistungen-usedom.de\/de\/wp-json\/wp\/v2\/users\/1"}],"replies":[{"embeddable":true,"href":"https:\/\/www.dienstleistungen-usedom.de\/de\/wp-json\/wp\/v2\/comments?post=32"}],"version-history":[{"count":7,"href":"https:\/\/www.dienstleistungen-usedom.de\/de\/wp-json\/wp\/v2\/pages\/32\/revisions"}],"predecessor-version":[{"id":244,"href":"https:\/\/www.dienstleistungen-usedom.de\/de\/wp-json\/wp\/v2\/pages\/32\/revisions\/244"}],"wp:attachment":[{"href":"https:\/\/www.dienstleistungen-usedom.de\/de\/wp-json\/wp\/v2\/media?parent=32"}],"curies":[{"name":"wp","href":"https:\/\/api.w.org\/{rel}","templated":true}]}}